{"id":9971,"date":"2023-01-09T16:16:36","date_gmt":"2023-01-09T16:16:36","guid":{"rendered":"http:\/\/a-cords.nl\/?post_type=product&#038;p=9971"},"modified":"2023-04-26T15:48:42","modified_gmt":"2023-04-26T15:48:42","slug":"curacao","status":"publish","type":"product","link":"https:\/\/a-cords.nl\/es\/producto\/curacao\/","title":{"rendered":"Cura\u00e7ao"},"content":{"rendered":null,"protected":false},"excerpt":{"rendered":"<p>Cura\u00e7ao, que lleva el nombre de la isla holandesa, tiene <strong>todos los colores de la bandera holandesa<\/strong>.<\/p>\n<p>&nbsp;<\/p>\n<p>Normalmente, llamamos a nuestros cordones con el nombre de las Islas del Pac\u00edfico, pero como este cord\u00f3n tiene todos los\u00a0colores de la bandera holandesa, \u00a1ser\u00eda l\u00f3gico llamarlo Cura\u00e7ao!<\/p>\n<p>&nbsp;<\/p>\n<p>En cada extremo del cord\u00f3n hay un par de lazos de goma, que se conecta a las gafas de sol. Estos lazos de goma lo ofrecemos en diferentes colores. Para elegir cual, vea la \u00faltima imagen. Puedes elegir qu\u00e9 color quieres gratis. Si desea un par de lazos de goma\u00a0adicional, por ejemplo, porque tiene diferentes colores de gafas de sol, puede elegir un par extra por solo \u20ac 3,00 m\u00e1s.<\/p>\n","protected":false},"featured_media":9975,"comment_status":"closed","ping_status":"closed","template":"","meta":[],"product_brand":[],"product_cat":[103,105],"product_tag":[],"class_list":{"0":"post-9971","1":"product","2":"type-product","3":"status-publish","4":"has-post-thumbnail","6":"product_cat-cordones-hombre","7":"product_cat-todos-los-cordones","9":"first","10":"instock","11":"taxable","12":"shipping-taxable","13":"purchasable","14":"product-type-simple"},"yoast_head":"<!-- This site is optimized with the Yoast SEO plugin v27.4 - https:\/\/yoast.com\/product\/yoast-seo-wordpress\/ -->\n<title>Cura\u00e7ao - A-Cords<\/title>\n<meta name=\"robots\" content=\"index, follow, max-snippet:-1, max-image-preview:large, max-video-preview:-1\" \/>\n<link rel=\"canonical\" href=\"https:\/\/a-cords.nl\/es\/producto\/curacao\/\" \/>\n<meta property=\"og:locale\" content=\"es_ES\" \/>\n<meta property=\"og:type\" content=\"article\" \/>\n<meta property=\"og:title\" content=\"Cura\u00e7ao - A-Cords\" \/>\n<meta property=\"og:description\" content=\"Cura\u00e7ao, que lleva el nombre de la isla holandesa, tiene todos los colores de la bandera holandesa.  &nbsp;  Normalmente, llamamos a nuestros cordones con el nombre de las Islas del Pac\u00edfico, pero como este cord\u00f3n tiene todos los\u00a0colores de la bandera holandesa, \u00a1ser\u00eda l\u00f3gico llamarlo Cura\u00e7ao!  &nbsp;  En cada extremo del cord\u00f3n hay un par de lazos de goma, que se conecta a las gafas de sol. Estos lazos de goma lo ofrecemos en diferentes colores. Para elegir cual, vea la \u00faltima imagen. Puedes elegir qu\u00e9 color quieres gratis. Si desea un par de lazos de goma\u00a0adicional, por ejemplo, porque tiene diferentes colores de gafas de sol, puede elegir un par extra por solo \u20ac 3,00 m\u00e1s.\" \/>\n<meta property=\"og:url\" content=\"https:\/\/a-cords.nl\/es\/producto\/curacao\/\" \/>\n<meta property=\"og:site_name\" content=\"A-Cords\" \/>\n<meta property=\"article:modified_time\" content=\"2023-04-26T15:48:42+00:00\" \/>\n<meta property=\"og:image\" content=\"https:\/\/a-cords.nl\/wp-content\/uploads\/2023\/01\/033-A-Cords-by-Justin-Rahantoknam-kleiner-e1673284234778.jpeg\" \/>\n\t<meta property=\"og:image:width\" content=\"1919\" \/>\n\t<meta property=\"og:image:height\" content=\"1077\" \/>\n\t<meta property=\"og:image:type\" content=\"image\/jpeg\" \/>\n<meta name=\"twitter:card\" content=\"summary_large_image\" \/>\n<script type=\"application\/ld+json\" class=\"yoast-schema-graph\">{\"@context\":\"https:\\\/\\\/schema.org\",\"@graph\":[{\"@type\":\"WebPage\",\"@id\":\"https:\\\/\\\/a-cords.nl\\\/es\\\/producto\\\/curacao\\\/\",\"url\":\"https:\\\/\\\/a-cords.nl\\\/es\\\/producto\\\/curacao\\\/\",\"name\":\"Cura\u00e7ao - A-Cords\",\"isPartOf\":{\"@id\":\"https:\\\/\\\/a-cords.nl\\\/es\\\/#website\"},\"primaryImageOfPage\":{\"@id\":\"https:\\\/\\\/a-cords.nl\\\/es\\\/producto\\\/curacao\\\/#primaryimage\"},\"image\":{\"@id\":\"https:\\\/\\\/a-cords.nl\\\/es\\\/producto\\\/curacao\\\/#primaryimage\"},\"thumbnailUrl\":\"https:\\\/\\\/a-cords.nl\\\/wp-content\\\/uploads\\\/2023\\\/01\\\/033-A-Cords-by-Justin-Rahantoknam-kleiner-e1673284234778.jpeg\",\"datePublished\":\"2023-01-09T16:16:36+00:00\",\"dateModified\":\"2023-04-26T15:48:42+00:00\",\"breadcrumb\":{\"@id\":\"https:\\\/\\\/a-cords.nl\\\/es\\\/producto\\\/curacao\\\/#breadcrumb\"},\"inLanguage\":\"es\",\"potentialAction\":[{\"@type\":\"ReadAction\",\"target\":[\"https:\\\/\\\/a-cords.nl\\\/es\\\/producto\\\/curacao\\\/\"]}]},{\"@type\":\"ImageObject\",\"inLanguage\":\"es\",\"@id\":\"https:\\\/\\\/a-cords.nl\\\/es\\\/producto\\\/curacao\\\/#primaryimage\",\"url\":\"https:\\\/\\\/a-cords.nl\\\/wp-content\\\/uploads\\\/2023\\\/01\\\/033-A-Cords-by-Justin-Rahantoknam-kleiner-e1673284234778.jpeg\",\"contentUrl\":\"https:\\\/\\\/a-cords.nl\\\/wp-content\\\/uploads\\\/2023\\\/01\\\/033-A-Cords-by-Justin-Rahantoknam-kleiner-e1673284234778.jpeg\",\"width\":1919,\"height\":1077,\"caption\":\"brillenkoord heren\"},{\"@type\":\"BreadcrumbList\",\"@id\":\"https:\\\/\\\/a-cords.nl\\\/es\\\/producto\\\/curacao\\\/#breadcrumb\",\"itemListElement\":[{\"@type\":\"ListItem\",\"position\":1,\"name\":\"Home\",\"item\":\"https:\\\/\\\/a-cords.nl\\\/es\\\/\"},{\"@type\":\"ListItem\",\"position\":2,\"name\":\"Shop\",\"item\":\"https:\\\/\\\/a-cords.nl\\\/sunglasses-cords\\\/\"},{\"@type\":\"ListItem\",\"position\":3,\"name\":\"Cura\u00e7ao\"}]},{\"@type\":\"WebSite\",\"@id\":\"https:\\\/\\\/a-cords.nl\\\/es\\\/#website\",\"url\":\"https:\\\/\\\/a-cords.nl\\\/es\\\/\",\"name\":\"A-Cords\",\"description\":\"Sunglasses Cords\",\"publisher\":{\"@id\":\"https:\\\/\\\/a-cords.nl\\\/es\\\/#organization\"},\"potentialAction\":[{\"@type\":\"SearchAction\",\"target\":{\"@type\":\"EntryPoint\",\"urlTemplate\":\"https:\\\/\\\/a-cords.nl\\\/es\\\/?s={search_term_string}\"},\"query-input\":{\"@type\":\"PropertyValueSpecification\",\"valueRequired\":true,\"valueName\":\"search_term_string\"}}],\"inLanguage\":\"es\"},{\"@type\":\"Organization\",\"@id\":\"https:\\\/\\\/a-cords.nl\\\/es\\\/#organization\",\"name\":\"A-Cords\",\"url\":\"https:\\\/\\\/a-cords.nl\\\/es\\\/\",\"logo\":{\"@type\":\"ImageObject\",\"inLanguage\":\"es\",\"@id\":\"https:\\\/\\\/a-cords.nl\\\/es\\\/#\\\/schema\\\/logo\\\/image\\\/\",\"url\":\"https:\\\/\\\/a-cords.nl\\\/wp-content\\\/uploads\\\/2022\\\/11\\\/Logo-A-Cords-zonder-slogan-met-zwart-e1668434631874.png\",\"contentUrl\":\"https:\\\/\\\/a-cords.nl\\\/wp-content\\\/uploads\\\/2022\\\/11\\\/Logo-A-Cords-zonder-slogan-met-zwart-e1668434631874.png\",\"width\":363,\"height\":183,\"caption\":\"A-Cords\"},\"image\":{\"@id\":\"https:\\\/\\\/a-cords.nl\\\/es\\\/#\\\/schema\\\/logo\\\/image\\\/\"}}]}<\/script>\n<!-- \/ Yoast SEO plugin. -->","yoast_head_json":{"title":"Cura\u00e7ao - A-Cords","robots":{"index":"index","follow":"follow","max-snippet":"max-snippet:-1","max-image-preview":"max-image-preview:large","max-video-preview":"max-video-preview:-1"},"canonical":"https:\/\/a-cords.nl\/es\/producto\/curacao\/","og_locale":"es_ES","og_type":"article","og_title":"Cura\u00e7ao - A-Cords","og_description":"Cura\u00e7ao, que lleva el nombre de la isla holandesa, tiene todos los colores de la bandera holandesa.  &nbsp;  Normalmente, llamamos a nuestros cordones con el nombre de las Islas del Pac\u00edfico, pero como este cord\u00f3n tiene todos los\u00a0colores de la bandera holandesa, \u00a1ser\u00eda l\u00f3gico llamarlo Cura\u00e7ao!  &nbsp;  En cada extremo del cord\u00f3n hay un par de lazos de goma, que se conecta a las gafas de sol. Estos lazos de goma lo ofrecemos en diferentes colores. Para elegir cual, vea la \u00faltima imagen. Puedes elegir qu\u00e9 color quieres gratis. Si desea un par de lazos de goma\u00a0adicional, por ejemplo, porque tiene diferentes colores de gafas de sol, puede elegir un par extra por solo \u20ac 3,00 m\u00e1s.","og_url":"https:\/\/a-cords.nl\/es\/producto\/curacao\/","og_site_name":"A-Cords","article_modified_time":"2023-04-26T15:48:42+00:00","og_image":[{"width":1919,"height":1077,"url":"https:\/\/a-cords.nl\/wp-content\/uploads\/2023\/01\/033-A-Cords-by-Justin-Rahantoknam-kleiner-e1673284234778.jpeg","type":"image\/jpeg"}],"twitter_card":"summary_large_image","schema":{"@context":"https:\/\/schema.org","@graph":[{"@type":"WebPage","@id":"https:\/\/a-cords.nl\/es\/producto\/curacao\/","url":"https:\/\/a-cords.nl\/es\/producto\/curacao\/","name":"Cura\u00e7ao - A-Cords","isPartOf":{"@id":"https:\/\/a-cords.nl\/es\/#website"},"primaryImageOfPage":{"@id":"https:\/\/a-cords.nl\/es\/producto\/curacao\/#primaryimage"},"image":{"@id":"https:\/\/a-cords.nl\/es\/producto\/curacao\/#primaryimage"},"thumbnailUrl":"https:\/\/a-cords.nl\/wp-content\/uploads\/2023\/01\/033-A-Cords-by-Justin-Rahantoknam-kleiner-e1673284234778.jpeg","datePublished":"2023-01-09T16:16:36+00:00","dateModified":"2023-04-26T15:48:42+00:00","breadcrumb":{"@id":"https:\/\/a-cords.nl\/es\/producto\/curacao\/#breadcrumb"},"inLanguage":"es","potentialAction":[{"@type":"ReadAction","target":["https:\/\/a-cords.nl\/es\/producto\/curacao\/"]}]},{"@type":"ImageObject","inLanguage":"es","@id":"https:\/\/a-cords.nl\/es\/producto\/curacao\/#primaryimage","url":"https:\/\/a-cords.nl\/wp-content\/uploads\/2023\/01\/033-A-Cords-by-Justin-Rahantoknam-kleiner-e1673284234778.jpeg","contentUrl":"https:\/\/a-cords.nl\/wp-content\/uploads\/2023\/01\/033-A-Cords-by-Justin-Rahantoknam-kleiner-e1673284234778.jpeg","width":1919,"height":1077,"caption":"brillenkoord heren"},{"@type":"BreadcrumbList","@id":"https:\/\/a-cords.nl\/es\/producto\/curacao\/#breadcrumb","itemListElement":[{"@type":"ListItem","position":1,"name":"Home","item":"https:\/\/a-cords.nl\/es\/"},{"@type":"ListItem","position":2,"name":"Shop","item":"https:\/\/a-cords.nl\/sunglasses-cords\/"},{"@type":"ListItem","position":3,"name":"Cura\u00e7ao"}]},{"@type":"WebSite","@id":"https:\/\/a-cords.nl\/es\/#website","url":"https:\/\/a-cords.nl\/es\/","name":"A-Cords","description":"Sunglasses Cords","publisher":{"@id":"https:\/\/a-cords.nl\/es\/#organization"},"potentialAction":[{"@type":"SearchAction","target":{"@type":"EntryPoint","urlTemplate":"https:\/\/a-cords.nl\/es\/?s={search_term_string}"},"query-input":{"@type":"PropertyValueSpecification","valueRequired":true,"valueName":"search_term_string"}}],"inLanguage":"es"},{"@type":"Organization","@id":"https:\/\/a-cords.nl\/es\/#organization","name":"A-Cords","url":"https:\/\/a-cords.nl\/es\/","logo":{"@type":"ImageObject","inLanguage":"es","@id":"https:\/\/a-cords.nl\/es\/#\/schema\/logo\/image\/","url":"https:\/\/a-cords.nl\/wp-content\/uploads\/2022\/11\/Logo-A-Cords-zonder-slogan-met-zwart-e1668434631874.png","contentUrl":"https:\/\/a-cords.nl\/wp-content\/uploads\/2022\/11\/Logo-A-Cords-zonder-slogan-met-zwart-e1668434631874.png","width":363,"height":183,"caption":"A-Cords"},"image":{"@id":"https:\/\/a-cords.nl\/es\/#\/schema\/logo\/image\/"}}]}},"_links":{"self":[{"href":"https:\/\/a-cords.nl\/es\/wp-json\/wp\/v2\/product\/9971","targetHints":{"allow":["GET"]}}],"collection":[{"href":"https:\/\/a-cords.nl\/es\/wp-json\/wp\/v2\/product"}],"about":[{"href":"https:\/\/a-cords.nl\/es\/wp-json\/wp\/v2\/types\/product"}],"replies":[{"embeddable":true,"href":"https:\/\/a-cords.nl\/es\/wp-json\/wp\/v2\/comments?post=9971"}],"wp:featuredmedia":[{"embeddable":true,"href":"https:\/\/a-cords.nl\/es\/wp-json\/wp\/v2\/media\/9975"}],"wp:attachment":[{"href":"https:\/\/a-cords.nl\/es\/wp-json\/wp\/v2\/media?parent=9971"}],"wp:term":[{"taxonomy":"product_brand","embeddable":true,"href":"https:\/\/a-cords.nl\/es\/wp-json\/wp\/v2\/product_brand?post=9971"},{"taxonomy":"product_cat","embeddable":true,"href":"https:\/\/a-cords.nl\/es\/wp-json\/wp\/v2\/product_cat?post=9971"},{"taxonomy":"product_tag","embeddable":true,"href":"https:\/\/a-cords.nl\/es\/wp-json\/wp\/v2\/product_tag?post=9971"}],"curies":[{"name":"wp","href":"https:\/\/api.w.org\/{rel}","templated":true}]}}