{"id":9798,"date":"2022-10-25T08:16:49","date_gmt":"2022-10-25T08:16:49","guid":{"rendered":"http:\/\/a-cords.nl\/?post_type=product&#038;p=9798"},"modified":"2022-12-29T11:19:15","modified_gmt":"2022-12-29T11:19:15","slug":"tupai","status":"publish","type":"product","link":"https:\/\/a-cords.nl\/es\/producto\/tupai\/","title":{"rendered":"Tupai"},"content":{"rendered":null,"protected":false},"excerpt":{"rendered":"<p>Tupai, que lleva el nombre de la isla de la Polinesia Francesa, tiene un color <strong>rojo<\/strong> suave con un peque\u00f1o detalle <strong>azul<\/strong> y <strong>blanco<\/strong>.<\/p>\n<p>&nbsp;<\/p>\n<p>Tupai funciona de manera <strong>informal<\/strong>, \u00a1 pero tambi\u00e9n se ve muy <strong>elegante<\/strong>!<\/p>\n<p>&nbsp;<\/p>\n<p>En cada cord\u00f3n hay un extremo de goma, que se conecta a las gafas de sol. Este extremo de goma lo ofrecemos en diferentes colores. Para elegir cual, vea la \u00faltima imagen. Puedes elegir qu\u00e9 color quieres gratis. Si desea un extremo de cord\u00f3n de goma adicional, por ejemplo, porque tiene diferentes colores de gafas de sol, puede elegir un color adicional para el extremo de goma por solo \u20ac 3,00 adicionales aqu\u00ed a la derecha\/arriba.<\/p>\n","protected":false},"featured_media":9796,"comment_status":"closed","ping_status":"closed","template":"","meta":[],"product_brand":[],"product_cat":[103,105],"product_tag":[],"class_list":{"0":"post-9798","1":"product","2":"type-product","3":"status-publish","4":"has-post-thumbnail","6":"product_cat-cordones-hombre","7":"product_cat-todos-los-cordones","9":"first","10":"instock","11":"taxable","12":"shipping-taxable","13":"purchasable","14":"product-type-simple"},"yoast_head":"<!-- This site is optimized with the Yoast SEO plugin v27.4 - https:\/\/yoast.com\/product\/yoast-seo-wordpress\/ -->\n<title>Tupai - A-Cords<\/title>\n<meta name=\"robots\" content=\"index, follow, max-snippet:-1, max-image-preview:large, max-video-preview:-1\" \/>\n<link rel=\"canonical\" href=\"https:\/\/a-cords.nl\/es\/producto\/tupai\/\" \/>\n<meta property=\"og:locale\" content=\"es_ES\" \/>\n<meta property=\"og:type\" content=\"article\" \/>\n<meta property=\"og:title\" content=\"Tupai - A-Cords\" \/>\n<meta property=\"og:description\" content=\"Tupai, que lleva el nombre de la isla de la Polinesia Francesa, tiene un color rojo suave con un peque\u00f1o detalle azul y blanco.  &nbsp;  Tupai funciona de manera informal, \u00a1 pero tambi\u00e9n se ve muy elegante!  &nbsp;  En cada cord\u00f3n hay un extremo de goma, que se conecta a las gafas de sol. Este extremo de goma lo ofrecemos en diferentes colores. Para elegir cual, vea la \u00faltima imagen. Puedes elegir qu\u00e9 color quieres gratis. Si desea un extremo de cord\u00f3n de goma adicional, por ejemplo, porque tiene diferentes colores de gafas de sol, puede elegir un color adicional para el extremo de goma por solo \u20ac 3,00 adicionales aqu\u00ed a la derecha\/arriba.\" \/>\n<meta property=\"og:url\" content=\"https:\/\/a-cords.nl\/es\/producto\/tupai\/\" \/>\n<meta property=\"og:site_name\" content=\"A-Cords\" \/>\n<meta property=\"article:modified_time\" content=\"2022-12-29T11:19:15+00:00\" \/>\n<meta property=\"og:image\" content=\"https:\/\/a-cords.nl\/wp-content\/uploads\/2022\/10\/cdc3f6_9c8fbba201584f57803704238dc94177_mv2.webp\" \/>\n\t<meta property=\"og:image:width\" content=\"1225\" \/>\n\t<meta property=\"og:image:height\" content=\"689\" \/>\n\t<meta property=\"og:image:type\" content=\"image\/webp\" \/>\n<meta name=\"twitter:card\" content=\"summary_large_image\" \/>\n<script type=\"application\/ld+json\" class=\"yoast-schema-graph\">{\"@context\":\"https:\\\/\\\/schema.org\",\"@graph\":[{\"@type\":\"WebPage\",\"@id\":\"https:\\\/\\\/a-cords.nl\\\/es\\\/producto\\\/tupai\\\/\",\"url\":\"https:\\\/\\\/a-cords.nl\\\/es\\\/producto\\\/tupai\\\/\",\"name\":\"Tupai - A-Cords\",\"isPartOf\":{\"@id\":\"https:\\\/\\\/a-cords.nl\\\/es\\\/#website\"},\"primaryImageOfPage\":{\"@id\":\"https:\\\/\\\/a-cords.nl\\\/es\\\/producto\\\/tupai\\\/#primaryimage\"},\"image\":{\"@id\":\"https:\\\/\\\/a-cords.nl\\\/es\\\/producto\\\/tupai\\\/#primaryimage\"},\"thumbnailUrl\":\"https:\\\/\\\/a-cords.nl\\\/wp-content\\\/uploads\\\/2022\\\/10\\\/cdc3f6_9c8fbba201584f57803704238dc94177_mv2.webp\",\"datePublished\":\"2022-10-25T08:16:49+00:00\",\"dateModified\":\"2022-12-29T11:19:15+00:00\",\"breadcrumb\":{\"@id\":\"https:\\\/\\\/a-cords.nl\\\/es\\\/producto\\\/tupai\\\/#breadcrumb\"},\"inLanguage\":\"es\",\"potentialAction\":[{\"@type\":\"ReadAction\",\"target\":[\"https:\\\/\\\/a-cords.nl\\\/es\\\/producto\\\/tupai\\\/\"]}]},{\"@type\":\"ImageObject\",\"inLanguage\":\"es\",\"@id\":\"https:\\\/\\\/a-cords.nl\\\/es\\\/producto\\\/tupai\\\/#primaryimage\",\"url\":\"https:\\\/\\\/a-cords.nl\\\/wp-content\\\/uploads\\\/2022\\\/10\\\/cdc3f6_9c8fbba201584f57803704238dc94177_mv2.webp\",\"contentUrl\":\"https:\\\/\\\/a-cords.nl\\\/wp-content\\\/uploads\\\/2022\\\/10\\\/cdc3f6_9c8fbba201584f57803704238dc94177_mv2.webp\",\"width\":1225,\"height\":689,\"caption\":\"Brillenkoordje\"},{\"@type\":\"BreadcrumbList\",\"@id\":\"https:\\\/\\\/a-cords.nl\\\/es\\\/producto\\\/tupai\\\/#breadcrumb\",\"itemListElement\":[{\"@type\":\"ListItem\",\"position\":1,\"name\":\"Home\",\"item\":\"https:\\\/\\\/a-cords.nl\\\/es\\\/\"},{\"@type\":\"ListItem\",\"position\":2,\"name\":\"Shop\",\"item\":\"https:\\\/\\\/a-cords.nl\\\/sunglasses-cords\\\/\"},{\"@type\":\"ListItem\",\"position\":3,\"name\":\"Tupai\"}]},{\"@type\":\"WebSite\",\"@id\":\"https:\\\/\\\/a-cords.nl\\\/es\\\/#website\",\"url\":\"https:\\\/\\\/a-cords.nl\\\/es\\\/\",\"name\":\"A-Cords\",\"description\":\"Sunglasses Cords\",\"publisher\":{\"@id\":\"https:\\\/\\\/a-cords.nl\\\/es\\\/#organization\"},\"potentialAction\":[{\"@type\":\"SearchAction\",\"target\":{\"@type\":\"EntryPoint\",\"urlTemplate\":\"https:\\\/\\\/a-cords.nl\\\/es\\\/?s={search_term_string}\"},\"query-input\":{\"@type\":\"PropertyValueSpecification\",\"valueRequired\":true,\"valueName\":\"search_term_string\"}}],\"inLanguage\":\"es\"},{\"@type\":\"Organization\",\"@id\":\"https:\\\/\\\/a-cords.nl\\\/es\\\/#organization\",\"name\":\"A-Cords\",\"url\":\"https:\\\/\\\/a-cords.nl\\\/es\\\/\",\"logo\":{\"@type\":\"ImageObject\",\"inLanguage\":\"es\",\"@id\":\"https:\\\/\\\/a-cords.nl\\\/es\\\/#\\\/schema\\\/logo\\\/image\\\/\",\"url\":\"https:\\\/\\\/a-cords.nl\\\/wp-content\\\/uploads\\\/2022\\\/11\\\/Logo-A-Cords-zonder-slogan-met-zwart-e1668434631874.png\",\"contentUrl\":\"https:\\\/\\\/a-cords.nl\\\/wp-content\\\/uploads\\\/2022\\\/11\\\/Logo-A-Cords-zonder-slogan-met-zwart-e1668434631874.png\",\"width\":363,\"height\":183,\"caption\":\"A-Cords\"},\"image\":{\"@id\":\"https:\\\/\\\/a-cords.nl\\\/es\\\/#\\\/schema\\\/logo\\\/image\\\/\"}}]}<\/script>\n<!-- \/ Yoast SEO plugin. -->","yoast_head_json":{"title":"Tupai - A-Cords","robots":{"index":"index","follow":"follow","max-snippet":"max-snippet:-1","max-image-preview":"max-image-preview:large","max-video-preview":"max-video-preview:-1"},"canonical":"https:\/\/a-cords.nl\/es\/producto\/tupai\/","og_locale":"es_ES","og_type":"article","og_title":"Tupai - A-Cords","og_description":"Tupai, que lleva el nombre de la isla de la Polinesia Francesa, tiene un color rojo suave con un peque\u00f1o detalle azul y blanco.  &nbsp;  Tupai funciona de manera informal, \u00a1 pero tambi\u00e9n se ve muy elegante!  &nbsp;  En cada cord\u00f3n hay un extremo de goma, que se conecta a las gafas de sol. Este extremo de goma lo ofrecemos en diferentes colores. Para elegir cual, vea la \u00faltima imagen. Puedes elegir qu\u00e9 color quieres gratis. Si desea un extremo de cord\u00f3n de goma adicional, por ejemplo, porque tiene diferentes colores de gafas de sol, puede elegir un color adicional para el extremo de goma por solo \u20ac 3,00 adicionales aqu\u00ed a la derecha\/arriba.","og_url":"https:\/\/a-cords.nl\/es\/producto\/tupai\/","og_site_name":"A-Cords","article_modified_time":"2022-12-29T11:19:15+00:00","og_image":[{"width":1225,"height":689,"url":"https:\/\/a-cords.nl\/wp-content\/uploads\/2022\/10\/cdc3f6_9c8fbba201584f57803704238dc94177_mv2.webp","type":"image\/webp"}],"twitter_card":"summary_large_image","schema":{"@context":"https:\/\/schema.org","@graph":[{"@type":"WebPage","@id":"https:\/\/a-cords.nl\/es\/producto\/tupai\/","url":"https:\/\/a-cords.nl\/es\/producto\/tupai\/","name":"Tupai - A-Cords","isPartOf":{"@id":"https:\/\/a-cords.nl\/es\/#website"},"primaryImageOfPage":{"@id":"https:\/\/a-cords.nl\/es\/producto\/tupai\/#primaryimage"},"image":{"@id":"https:\/\/a-cords.nl\/es\/producto\/tupai\/#primaryimage"},"thumbnailUrl":"https:\/\/a-cords.nl\/wp-content\/uploads\/2022\/10\/cdc3f6_9c8fbba201584f57803704238dc94177_mv2.webp","datePublished":"2022-10-25T08:16:49+00:00","dateModified":"2022-12-29T11:19:15+00:00","breadcrumb":{"@id":"https:\/\/a-cords.nl\/es\/producto\/tupai\/#breadcrumb"},"inLanguage":"es","potentialAction":[{"@type":"ReadAction","target":["https:\/\/a-cords.nl\/es\/producto\/tupai\/"]}]},{"@type":"ImageObject","inLanguage":"es","@id":"https:\/\/a-cords.nl\/es\/producto\/tupai\/#primaryimage","url":"https:\/\/a-cords.nl\/wp-content\/uploads\/2022\/10\/cdc3f6_9c8fbba201584f57803704238dc94177_mv2.webp","contentUrl":"https:\/\/a-cords.nl\/wp-content\/uploads\/2022\/10\/cdc3f6_9c8fbba201584f57803704238dc94177_mv2.webp","width":1225,"height":689,"caption":"Brillenkoordje"},{"@type":"BreadcrumbList","@id":"https:\/\/a-cords.nl\/es\/producto\/tupai\/#breadcrumb","itemListElement":[{"@type":"ListItem","position":1,"name":"Home","item":"https:\/\/a-cords.nl\/es\/"},{"@type":"ListItem","position":2,"name":"Shop","item":"https:\/\/a-cords.nl\/sunglasses-cords\/"},{"@type":"ListItem","position":3,"name":"Tupai"}]},{"@type":"WebSite","@id":"https:\/\/a-cords.nl\/es\/#website","url":"https:\/\/a-cords.nl\/es\/","name":"A-Cords","description":"Sunglasses Cords","publisher":{"@id":"https:\/\/a-cords.nl\/es\/#organization"},"potentialAction":[{"@type":"SearchAction","target":{"@type":"EntryPoint","urlTemplate":"https:\/\/a-cords.nl\/es\/?s={search_term_string}"},"query-input":{"@type":"PropertyValueSpecification","valueRequired":true,"valueName":"search_term_string"}}],"inLanguage":"es"},{"@type":"Organization","@id":"https:\/\/a-cords.nl\/es\/#organization","name":"A-Cords","url":"https:\/\/a-cords.nl\/es\/","logo":{"@type":"ImageObject","inLanguage":"es","@id":"https:\/\/a-cords.nl\/es\/#\/schema\/logo\/image\/","url":"https:\/\/a-cords.nl\/wp-content\/uploads\/2022\/11\/Logo-A-Cords-zonder-slogan-met-zwart-e1668434631874.png","contentUrl":"https:\/\/a-cords.nl\/wp-content\/uploads\/2022\/11\/Logo-A-Cords-zonder-slogan-met-zwart-e1668434631874.png","width":363,"height":183,"caption":"A-Cords"},"image":{"@id":"https:\/\/a-cords.nl\/es\/#\/schema\/logo\/image\/"}}]}},"_links":{"self":[{"href":"https:\/\/a-cords.nl\/es\/wp-json\/wp\/v2\/product\/9798","targetHints":{"allow":["GET"]}}],"collection":[{"href":"https:\/\/a-cords.nl\/es\/wp-json\/wp\/v2\/product"}],"about":[{"href":"https:\/\/a-cords.nl\/es\/wp-json\/wp\/v2\/types\/product"}],"replies":[{"embeddable":true,"href":"https:\/\/a-cords.nl\/es\/wp-json\/wp\/v2\/comments?post=9798"}],"wp:featuredmedia":[{"embeddable":true,"href":"https:\/\/a-cords.nl\/es\/wp-json\/wp\/v2\/media\/9796"}],"wp:attachment":[{"href":"https:\/\/a-cords.nl\/es\/wp-json\/wp\/v2\/media?parent=9798"}],"wp:term":[{"taxonomy":"product_brand","embeddable":true,"href":"https:\/\/a-cords.nl\/es\/wp-json\/wp\/v2\/product_brand?post=9798"},{"taxonomy":"product_cat","embeddable":true,"href":"https:\/\/a-cords.nl\/es\/wp-json\/wp\/v2\/product_cat?post=9798"},{"taxonomy":"product_tag","embeddable":true,"href":"https:\/\/a-cords.nl\/es\/wp-json\/wp\/v2\/product_tag?post=9798"}],"curies":[{"name":"wp","href":"https:\/\/api.w.org\/{rel}","templated":true}]}}