{"id":8430,"date":"2022-11-14T08:50:37","date_gmt":"2022-11-14T08:50:37","guid":{"rendered":"http:\/\/a-cords.nl\/product\/aitutaki\/"},"modified":"2022-12-20T09:35:25","modified_gmt":"2022-12-20T09:35:25","slug":"aitutaki","status":"publish","type":"product","link":"https:\/\/a-cords.nl\/es\/producto\/aitutaki\/","title":{"rendered":"Aitutaki"},"content":{"rendered":null,"protected":false},"excerpt":{"rendered":"<p>Aitutaki, que lleva el nombre de la isla de Cook, tiene piedras naturales de <span style=\"font-weight: bold;\">jade<\/span> con un aspecto de <span style=\"font-weight: bold;\">m\u00e1rmol<\/span> en blanco y rojo <span style=\"font-weight: bold;\">rub\u00ed<\/span>.<\/p>\n<p>Las piedras naturales de jade son conocidas por su limpieza, protecci\u00f3n y prosperidad.<\/p>\n<p>La cadena es de acero inoxidable para que el oro no pierda su brillo y no lleva n\u00edquel.<\/p>\n<p>&nbsp;<\/p>\n<p>Con Aitutaki a\u00f1adir\u00e1s un color elegante a tu atuendo. \u00a1Qu\u00e9 manera m\u00e1s chic de mantener tus gafas de sol cerca!<\/p>\n<p>&nbsp;<\/p>\n<p>En cada cord\u00f3n hay un extremo de goma, que se conecta a las gafas de sol. Este extremo de goma lo ofrecemos en diferentes colores. Para elegir cual, vea la \u00faltima imagen. Puedes elegir qu\u00e9 color quieres gratis. Si desea un extremo de cord\u00f3n de goma <span style=\"font-weight: bold;\">adicional<\/span>, por ejemplo, porque tiene diferentes colores de gafas de sol, puede elegir un color adicional para el extremo de goma por solo \u20ac 3,00 adicionales aqu\u00ed a la derecha\/arriba.<\/p>\n","protected":false},"featured_media":9463,"comment_status":"closed","ping_status":"closed","template":"","meta":[],"product_brand":[],"product_cat":[101,105],"product_tag":[],"class_list":{"0":"post-8430","1":"product","2":"type-product","3":"status-publish","4":"has-post-thumbnail","6":"product_cat-cordones-de-oro","7":"product_cat-todos-los-cordones","9":"first","10":"instock","11":"taxable","12":"shipping-taxable","13":"purchasable","14":"product-type-simple"},"yoast_head":"<!-- This site is optimized with the Yoast SEO plugin v27.4 - https:\/\/yoast.com\/product\/yoast-seo-wordpress\/ -->\n<title>Aitutaki - A-Cords<\/title>\n<meta name=\"robots\" content=\"index, follow, max-snippet:-1, max-image-preview:large, max-video-preview:-1\" \/>\n<link rel=\"canonical\" href=\"https:\/\/a-cords.nl\/es\/producto\/aitutaki\/\" \/>\n<meta property=\"og:locale\" content=\"es_ES\" \/>\n<meta property=\"og:type\" content=\"article\" \/>\n<meta property=\"og:title\" content=\"Aitutaki - A-Cords\" \/>\n<meta property=\"og:description\" content=\"Aitutaki, que lleva el nombre de la isla de Cook, tiene piedras naturales de jade con un aspecto de m\u00e1rmol en blanco y rojo rub\u00ed.  Las piedras naturales de jade son conocidas por su limpieza, protecci\u00f3n y prosperidad.  La cadena es de acero inoxidable para que el oro no pierda su brillo y no lleva n\u00edquel.  &nbsp;  Con Aitutaki a\u00f1adir\u00e1s un color elegante a tu atuendo. \u00a1Qu\u00e9 manera m\u00e1s chic de mantener tus gafas de sol cerca!  &nbsp;  En cada cord\u00f3n hay un extremo de goma, que se conecta a las gafas de sol. Este extremo de goma lo ofrecemos en diferentes colores. Para elegir cual, vea la \u00faltima imagen. Puedes elegir qu\u00e9 color quieres gratis. Si desea un extremo de cord\u00f3n de goma adicional, por ejemplo, porque tiene diferentes colores de gafas de sol, puede elegir un color adicional para el extremo de goma por solo \u20ac 3,00 adicionales aqu\u00ed a la derecha\/arriba.\" \/>\n<meta property=\"og:url\" content=\"https:\/\/a-cords.nl\/es\/producto\/aitutaki\/\" \/>\n<meta property=\"og:site_name\" content=\"A-Cords\" \/>\n<meta property=\"article:modified_time\" content=\"2022-12-20T09:35:25+00:00\" \/>\n<meta property=\"og:image\" content=\"https:\/\/a-cords.nl\/wp-content\/uploads\/2022\/11\/cdc3f6_fd180ae6cb2544f599c86a0b5f9883d3mv2.jpeg\" \/>\n\t<meta property=\"og:image:width\" content=\"1960\" \/>\n\t<meta property=\"og:image:height\" content=\"1102\" \/>\n\t<meta property=\"og:image:type\" content=\"image\/jpeg\" \/>\n<meta name=\"twitter:card\" content=\"summary_large_image\" \/>\n<script type=\"application\/ld+json\" class=\"yoast-schema-graph\">{\"@context\":\"https:\\\/\\\/schema.org\",\"@graph\":[{\"@type\":\"WebPage\",\"@id\":\"https:\\\/\\\/a-cords.nl\\\/es\\\/producto\\\/aitutaki\\\/\",\"url\":\"https:\\\/\\\/a-cords.nl\\\/es\\\/producto\\\/aitutaki\\\/\",\"name\":\"Aitutaki - A-Cords\",\"isPartOf\":{\"@id\":\"https:\\\/\\\/a-cords.nl\\\/es\\\/#website\"},\"primaryImageOfPage\":{\"@id\":\"https:\\\/\\\/a-cords.nl\\\/es\\\/producto\\\/aitutaki\\\/#primaryimage\"},\"image\":{\"@id\":\"https:\\\/\\\/a-cords.nl\\\/es\\\/producto\\\/aitutaki\\\/#primaryimage\"},\"thumbnailUrl\":\"https:\\\/\\\/a-cords.nl\\\/wp-content\\\/uploads\\\/2022\\\/11\\\/cdc3f6_fd180ae6cb2544f599c86a0b5f9883d3mv2.jpeg\",\"datePublished\":\"2022-11-14T08:50:37+00:00\",\"dateModified\":\"2022-12-20T09:35:25+00:00\",\"breadcrumb\":{\"@id\":\"https:\\\/\\\/a-cords.nl\\\/es\\\/producto\\\/aitutaki\\\/#breadcrumb\"},\"inLanguage\":\"es\",\"potentialAction\":[{\"@type\":\"ReadAction\",\"target\":[\"https:\\\/\\\/a-cords.nl\\\/es\\\/producto\\\/aitutaki\\\/\"]}]},{\"@type\":\"ImageObject\",\"inLanguage\":\"es\",\"@id\":\"https:\\\/\\\/a-cords.nl\\\/es\\\/producto\\\/aitutaki\\\/#primaryimage\",\"url\":\"https:\\\/\\\/a-cords.nl\\\/wp-content\\\/uploads\\\/2022\\\/11\\\/cdc3f6_fd180ae6cb2544f599c86a0b5f9883d3mv2.jpeg\",\"contentUrl\":\"https:\\\/\\\/a-cords.nl\\\/wp-content\\\/uploads\\\/2022\\\/11\\\/cdc3f6_fd180ae6cb2544f599c86a0b5f9883d3mv2.jpeg\",\"width\":1960,\"height\":1102,\"caption\":\"kralen brillenkoord\"},{\"@type\":\"BreadcrumbList\",\"@id\":\"https:\\\/\\\/a-cords.nl\\\/es\\\/producto\\\/aitutaki\\\/#breadcrumb\",\"itemListElement\":[{\"@type\":\"ListItem\",\"position\":1,\"name\":\"Home\",\"item\":\"https:\\\/\\\/a-cords.nl\\\/es\\\/\"},{\"@type\":\"ListItem\",\"position\":2,\"name\":\"Shop\",\"item\":\"https:\\\/\\\/a-cords.nl\\\/sunglasses-cords\\\/\"},{\"@type\":\"ListItem\",\"position\":3,\"name\":\"Aitutaki\"}]},{\"@type\":\"WebSite\",\"@id\":\"https:\\\/\\\/a-cords.nl\\\/es\\\/#website\",\"url\":\"https:\\\/\\\/a-cords.nl\\\/es\\\/\",\"name\":\"A-Cords\",\"description\":\"Sunglasses Cords\",\"publisher\":{\"@id\":\"https:\\\/\\\/a-cords.nl\\\/es\\\/#organization\"},\"potentialAction\":[{\"@type\":\"SearchAction\",\"target\":{\"@type\":\"EntryPoint\",\"urlTemplate\":\"https:\\\/\\\/a-cords.nl\\\/es\\\/?s={search_term_string}\"},\"query-input\":{\"@type\":\"PropertyValueSpecification\",\"valueRequired\":true,\"valueName\":\"search_term_string\"}}],\"inLanguage\":\"es\"},{\"@type\":\"Organization\",\"@id\":\"https:\\\/\\\/a-cords.nl\\\/es\\\/#organization\",\"name\":\"A-Cords\",\"url\":\"https:\\\/\\\/a-cords.nl\\\/es\\\/\",\"logo\":{\"@type\":\"ImageObject\",\"inLanguage\":\"es\",\"@id\":\"https:\\\/\\\/a-cords.nl\\\/es\\\/#\\\/schema\\\/logo\\\/image\\\/\",\"url\":\"https:\\\/\\\/a-cords.nl\\\/wp-content\\\/uploads\\\/2022\\\/11\\\/Logo-A-Cords-zonder-slogan-met-zwart-e1668434631874.png\",\"contentUrl\":\"https:\\\/\\\/a-cords.nl\\\/wp-content\\\/uploads\\\/2022\\\/11\\\/Logo-A-Cords-zonder-slogan-met-zwart-e1668434631874.png\",\"width\":363,\"height\":183,\"caption\":\"A-Cords\"},\"image\":{\"@id\":\"https:\\\/\\\/a-cords.nl\\\/es\\\/#\\\/schema\\\/logo\\\/image\\\/\"}}]}<\/script>\n<!-- \/ Yoast SEO plugin. -->","yoast_head_json":{"title":"Aitutaki - A-Cords","robots":{"index":"index","follow":"follow","max-snippet":"max-snippet:-1","max-image-preview":"max-image-preview:large","max-video-preview":"max-video-preview:-1"},"canonical":"https:\/\/a-cords.nl\/es\/producto\/aitutaki\/","og_locale":"es_ES","og_type":"article","og_title":"Aitutaki - A-Cords","og_description":"Aitutaki, que lleva el nombre de la isla de Cook, tiene piedras naturales de jade con un aspecto de m\u00e1rmol en blanco y rojo rub\u00ed.  Las piedras naturales de jade son conocidas por su limpieza, protecci\u00f3n y prosperidad.  La cadena es de acero inoxidable para que el oro no pierda su brillo y no lleva n\u00edquel.  &nbsp;  Con Aitutaki a\u00f1adir\u00e1s un color elegante a tu atuendo. \u00a1Qu\u00e9 manera m\u00e1s chic de mantener tus gafas de sol cerca!  &nbsp;  En cada cord\u00f3n hay un extremo de goma, que se conecta a las gafas de sol. Este extremo de goma lo ofrecemos en diferentes colores. Para elegir cual, vea la \u00faltima imagen. Puedes elegir qu\u00e9 color quieres gratis. Si desea un extremo de cord\u00f3n de goma adicional, por ejemplo, porque tiene diferentes colores de gafas de sol, puede elegir un color adicional para el extremo de goma por solo \u20ac 3,00 adicionales aqu\u00ed a la derecha\/arriba.","og_url":"https:\/\/a-cords.nl\/es\/producto\/aitutaki\/","og_site_name":"A-Cords","article_modified_time":"2022-12-20T09:35:25+00:00","og_image":[{"width":1960,"height":1102,"url":"https:\/\/a-cords.nl\/wp-content\/uploads\/2022\/11\/cdc3f6_fd180ae6cb2544f599c86a0b5f9883d3mv2.jpeg","type":"image\/jpeg"}],"twitter_card":"summary_large_image","schema":{"@context":"https:\/\/schema.org","@graph":[{"@type":"WebPage","@id":"https:\/\/a-cords.nl\/es\/producto\/aitutaki\/","url":"https:\/\/a-cords.nl\/es\/producto\/aitutaki\/","name":"Aitutaki - A-Cords","isPartOf":{"@id":"https:\/\/a-cords.nl\/es\/#website"},"primaryImageOfPage":{"@id":"https:\/\/a-cords.nl\/es\/producto\/aitutaki\/#primaryimage"},"image":{"@id":"https:\/\/a-cords.nl\/es\/producto\/aitutaki\/#primaryimage"},"thumbnailUrl":"https:\/\/a-cords.nl\/wp-content\/uploads\/2022\/11\/cdc3f6_fd180ae6cb2544f599c86a0b5f9883d3mv2.jpeg","datePublished":"2022-11-14T08:50:37+00:00","dateModified":"2022-12-20T09:35:25+00:00","breadcrumb":{"@id":"https:\/\/a-cords.nl\/es\/producto\/aitutaki\/#breadcrumb"},"inLanguage":"es","potentialAction":[{"@type":"ReadAction","target":["https:\/\/a-cords.nl\/es\/producto\/aitutaki\/"]}]},{"@type":"ImageObject","inLanguage":"es","@id":"https:\/\/a-cords.nl\/es\/producto\/aitutaki\/#primaryimage","url":"https:\/\/a-cords.nl\/wp-content\/uploads\/2022\/11\/cdc3f6_fd180ae6cb2544f599c86a0b5f9883d3mv2.jpeg","contentUrl":"https:\/\/a-cords.nl\/wp-content\/uploads\/2022\/11\/cdc3f6_fd180ae6cb2544f599c86a0b5f9883d3mv2.jpeg","width":1960,"height":1102,"caption":"kralen brillenkoord"},{"@type":"BreadcrumbList","@id":"https:\/\/a-cords.nl\/es\/producto\/aitutaki\/#breadcrumb","itemListElement":[{"@type":"ListItem","position":1,"name":"Home","item":"https:\/\/a-cords.nl\/es\/"},{"@type":"ListItem","position":2,"name":"Shop","item":"https:\/\/a-cords.nl\/sunglasses-cords\/"},{"@type":"ListItem","position":3,"name":"Aitutaki"}]},{"@type":"WebSite","@id":"https:\/\/a-cords.nl\/es\/#website","url":"https:\/\/a-cords.nl\/es\/","name":"A-Cords","description":"Sunglasses Cords","publisher":{"@id":"https:\/\/a-cords.nl\/es\/#organization"},"potentialAction":[{"@type":"SearchAction","target":{"@type":"EntryPoint","urlTemplate":"https:\/\/a-cords.nl\/es\/?s={search_term_string}"},"query-input":{"@type":"PropertyValueSpecification","valueRequired":true,"valueName":"search_term_string"}}],"inLanguage":"es"},{"@type":"Organization","@id":"https:\/\/a-cords.nl\/es\/#organization","name":"A-Cords","url":"https:\/\/a-cords.nl\/es\/","logo":{"@type":"ImageObject","inLanguage":"es","@id":"https:\/\/a-cords.nl\/es\/#\/schema\/logo\/image\/","url":"https:\/\/a-cords.nl\/wp-content\/uploads\/2022\/11\/Logo-A-Cords-zonder-slogan-met-zwart-e1668434631874.png","contentUrl":"https:\/\/a-cords.nl\/wp-content\/uploads\/2022\/11\/Logo-A-Cords-zonder-slogan-met-zwart-e1668434631874.png","width":363,"height":183,"caption":"A-Cords"},"image":{"@id":"https:\/\/a-cords.nl\/es\/#\/schema\/logo\/image\/"}}]}},"_links":{"self":[{"href":"https:\/\/a-cords.nl\/es\/wp-json\/wp\/v2\/product\/8430","targetHints":{"allow":["GET"]}}],"collection":[{"href":"https:\/\/a-cords.nl\/es\/wp-json\/wp\/v2\/product"}],"about":[{"href":"https:\/\/a-cords.nl\/es\/wp-json\/wp\/v2\/types\/product"}],"replies":[{"embeddable":true,"href":"https:\/\/a-cords.nl\/es\/wp-json\/wp\/v2\/comments?post=8430"}],"wp:featuredmedia":[{"embeddable":true,"href":"https:\/\/a-cords.nl\/es\/wp-json\/wp\/v2\/media\/9463"}],"wp:attachment":[{"href":"https:\/\/a-cords.nl\/es\/wp-json\/wp\/v2\/media?parent=8430"}],"wp:term":[{"taxonomy":"product_brand","embeddable":true,"href":"https:\/\/a-cords.nl\/es\/wp-json\/wp\/v2\/product_brand?post=8430"},{"taxonomy":"product_cat","embeddable":true,"href":"https:\/\/a-cords.nl\/es\/wp-json\/wp\/v2\/product_cat?post=8430"},{"taxonomy":"product_tag","embeddable":true,"href":"https:\/\/a-cords.nl\/es\/wp-json\/wp\/v2\/product_tag?post=8430"}],"curies":[{"name":"wp","href":"https:\/\/api.w.org\/{rel}","templated":true}]}}