{"id":8412,"date":"2022-11-14T08:49:47","date_gmt":"2022-11-14T08:49:47","guid":{"rendered":"http:\/\/a-cords.nl\/product\/anaa\/"},"modified":"2022-12-20T10:06:17","modified_gmt":"2022-12-20T10:06:17","slug":"anaa","status":"publish","type":"product","link":"https:\/\/a-cords.nl\/es\/producto\/anaa\/","title":{"rendered":"Anaa"},"content":{"rendered":null,"protected":false},"excerpt":{"rendered":"<p>Anaa, que lleva el nombre de la isla de la Polinesia Francesa, es uno de nuestros grandes c\u00f3rdones. Las cadenas de <span style=\"font-weight: bold;\">acr\u00edlico<\/span> son de un <span style=\"font-weight: bold;\">rojo intenso<\/span>.<\/p>\n<p>&nbsp;<\/p>\n<p>\u00a1Con Anaa tu atuendo estar\u00e1 completo!<\/p>\n<p>&nbsp;<\/p>\n<p>En cada cord\u00f3n hay un extremo de goma, que se conecta a las gafas de sol. Este extremo de goma lo ofrecemos en diferentes colores. Para elegir cual, vea la \u00faltima imagen. Puedes elegir qu\u00e9 color quieres gratis. Si desea un extremo de cord\u00f3n de goma <span style=\"font-weight: bold;\">adicional<\/span>, por ejemplo, porque tiene diferentes colores de gafas de sol, puede elegir un color adicional para el extremo de goma por solo \u20ac 3,00 adicionales aqu\u00ed a la derecha\/arriba.<\/p>\n","protected":false},"featured_media":9246,"comment_status":"closed","ping_status":"closed","template":"","meta":[],"product_brand":[],"product_cat":[102,105],"product_tag":[],"class_list":{"0":"post-8412","1":"product","2":"type-product","3":"status-publish","4":"has-post-thumbnail","6":"product_cat-grandes-cordonos","7":"product_cat-todos-los-cordones","9":"first","10":"instock","11":"taxable","12":"shipping-taxable","13":"purchasable","14":"product-type-simple"},"yoast_head":"<!-- This site is optimized with the Yoast SEO plugin v27.4 - https:\/\/yoast.com\/product\/yoast-seo-wordpress\/ -->\n<title>Anaa - A-Cords<\/title>\n<meta name=\"robots\" content=\"index, follow, max-snippet:-1, max-image-preview:large, max-video-preview:-1\" \/>\n<link rel=\"canonical\" href=\"https:\/\/a-cords.nl\/es\/producto\/anaa\/\" \/>\n<meta property=\"og:locale\" content=\"es_ES\" \/>\n<meta property=\"og:type\" content=\"article\" \/>\n<meta property=\"og:title\" content=\"Anaa - A-Cords\" \/>\n<meta property=\"og:description\" content=\"Anaa, que lleva el nombre de la isla de la Polinesia Francesa, es uno de nuestros grandes c\u00f3rdones. Las cadenas de acr\u00edlico son de un rojo intenso.  &nbsp;  \u00a1Con Anaa tu atuendo estar\u00e1 completo!  &nbsp;  En cada cord\u00f3n hay un extremo de goma, que se conecta a las gafas de sol. Este extremo de goma lo ofrecemos en diferentes colores. Para elegir cual, vea la \u00faltima imagen. Puedes elegir qu\u00e9 color quieres gratis. Si desea un extremo de cord\u00f3n de goma adicional, por ejemplo, porque tiene diferentes colores de gafas de sol, puede elegir un color adicional para el extremo de goma por solo \u20ac 3,00 adicionales aqu\u00ed a la derecha\/arriba.\" \/>\n<meta property=\"og:url\" content=\"https:\/\/a-cords.nl\/es\/producto\/anaa\/\" \/>\n<meta property=\"og:site_name\" content=\"A-Cords\" \/>\n<meta property=\"article:modified_time\" content=\"2022-12-20T10:06:17+00:00\" \/>\n<meta property=\"og:image\" content=\"https:\/\/a-cords.nl\/wp-content\/uploads\/2022\/11\/cdc3f6_b1f7b2477a314f9699c2da67529c1e2emv2.jpeg\" \/>\n\t<meta property=\"og:image:width\" content=\"1960\" \/>\n\t<meta property=\"og:image:height\" content=\"1102\" \/>\n\t<meta property=\"og:image:type\" content=\"image\/jpeg\" \/>\n<meta name=\"twitter:card\" content=\"summary_large_image\" \/>\n<script type=\"application\/ld+json\" class=\"yoast-schema-graph\">{\"@context\":\"https:\\\/\\\/schema.org\",\"@graph\":[{\"@type\":\"WebPage\",\"@id\":\"https:\\\/\\\/a-cords.nl\\\/es\\\/producto\\\/anaa\\\/\",\"url\":\"https:\\\/\\\/a-cords.nl\\\/es\\\/producto\\\/anaa\\\/\",\"name\":\"Anaa - A-Cords\",\"isPartOf\":{\"@id\":\"https:\\\/\\\/a-cords.nl\\\/es\\\/#website\"},\"primaryImageOfPage\":{\"@id\":\"https:\\\/\\\/a-cords.nl\\\/es\\\/producto\\\/anaa\\\/#primaryimage\"},\"image\":{\"@id\":\"https:\\\/\\\/a-cords.nl\\\/es\\\/producto\\\/anaa\\\/#primaryimage\"},\"thumbnailUrl\":\"https:\\\/\\\/a-cords.nl\\\/wp-content\\\/uploads\\\/2022\\\/11\\\/cdc3f6_b1f7b2477a314f9699c2da67529c1e2emv2.jpeg\",\"datePublished\":\"2022-11-14T08:49:47+00:00\",\"dateModified\":\"2022-12-20T10:06:17+00:00\",\"breadcrumb\":{\"@id\":\"https:\\\/\\\/a-cords.nl\\\/es\\\/producto\\\/anaa\\\/#breadcrumb\"},\"inLanguage\":\"es\",\"potentialAction\":[{\"@type\":\"ReadAction\",\"target\":[\"https:\\\/\\\/a-cords.nl\\\/es\\\/producto\\\/anaa\\\/\"]}]},{\"@type\":\"ImageObject\",\"inLanguage\":\"es\",\"@id\":\"https:\\\/\\\/a-cords.nl\\\/es\\\/producto\\\/anaa\\\/#primaryimage\",\"url\":\"https:\\\/\\\/a-cords.nl\\\/wp-content\\\/uploads\\\/2022\\\/11\\\/cdc3f6_b1f7b2477a314f9699c2da67529c1e2emv2.jpeg\",\"contentUrl\":\"https:\\\/\\\/a-cords.nl\\\/wp-content\\\/uploads\\\/2022\\\/11\\\/cdc3f6_b1f7b2477a314f9699c2da67529c1e2emv2.jpeg\",\"width\":1960,\"height\":1102,\"caption\":\"Rood Brillenkoord\"},{\"@type\":\"BreadcrumbList\",\"@id\":\"https:\\\/\\\/a-cords.nl\\\/es\\\/producto\\\/anaa\\\/#breadcrumb\",\"itemListElement\":[{\"@type\":\"ListItem\",\"position\":1,\"name\":\"Home\",\"item\":\"https:\\\/\\\/a-cords.nl\\\/es\\\/\"},{\"@type\":\"ListItem\",\"position\":2,\"name\":\"Shop\",\"item\":\"https:\\\/\\\/a-cords.nl\\\/sunglasses-cords\\\/\"},{\"@type\":\"ListItem\",\"position\":3,\"name\":\"Anaa\"}]},{\"@type\":\"WebSite\",\"@id\":\"https:\\\/\\\/a-cords.nl\\\/es\\\/#website\",\"url\":\"https:\\\/\\\/a-cords.nl\\\/es\\\/\",\"name\":\"A-Cords\",\"description\":\"Sunglasses Cords\",\"publisher\":{\"@id\":\"https:\\\/\\\/a-cords.nl\\\/es\\\/#organization\"},\"potentialAction\":[{\"@type\":\"SearchAction\",\"target\":{\"@type\":\"EntryPoint\",\"urlTemplate\":\"https:\\\/\\\/a-cords.nl\\\/es\\\/?s={search_term_string}\"},\"query-input\":{\"@type\":\"PropertyValueSpecification\",\"valueRequired\":true,\"valueName\":\"search_term_string\"}}],\"inLanguage\":\"es\"},{\"@type\":\"Organization\",\"@id\":\"https:\\\/\\\/a-cords.nl\\\/es\\\/#organization\",\"name\":\"A-Cords\",\"url\":\"https:\\\/\\\/a-cords.nl\\\/es\\\/\",\"logo\":{\"@type\":\"ImageObject\",\"inLanguage\":\"es\",\"@id\":\"https:\\\/\\\/a-cords.nl\\\/es\\\/#\\\/schema\\\/logo\\\/image\\\/\",\"url\":\"https:\\\/\\\/a-cords.nl\\\/wp-content\\\/uploads\\\/2022\\\/11\\\/Logo-A-Cords-zonder-slogan-met-zwart-e1668434631874.png\",\"contentUrl\":\"https:\\\/\\\/a-cords.nl\\\/wp-content\\\/uploads\\\/2022\\\/11\\\/Logo-A-Cords-zonder-slogan-met-zwart-e1668434631874.png\",\"width\":363,\"height\":183,\"caption\":\"A-Cords\"},\"image\":{\"@id\":\"https:\\\/\\\/a-cords.nl\\\/es\\\/#\\\/schema\\\/logo\\\/image\\\/\"}}]}<\/script>\n<!-- \/ Yoast SEO plugin. -->","yoast_head_json":{"title":"Anaa - A-Cords","robots":{"index":"index","follow":"follow","max-snippet":"max-snippet:-1","max-image-preview":"max-image-preview:large","max-video-preview":"max-video-preview:-1"},"canonical":"https:\/\/a-cords.nl\/es\/producto\/anaa\/","og_locale":"es_ES","og_type":"article","og_title":"Anaa - A-Cords","og_description":"Anaa, que lleva el nombre de la isla de la Polinesia Francesa, es uno de nuestros grandes c\u00f3rdones. Las cadenas de acr\u00edlico son de un rojo intenso.  &nbsp;  \u00a1Con Anaa tu atuendo estar\u00e1 completo!  &nbsp;  En cada cord\u00f3n hay un extremo de goma, que se conecta a las gafas de sol. Este extremo de goma lo ofrecemos en diferentes colores. Para elegir cual, vea la \u00faltima imagen. Puedes elegir qu\u00e9 color quieres gratis. Si desea un extremo de cord\u00f3n de goma adicional, por ejemplo, porque tiene diferentes colores de gafas de sol, puede elegir un color adicional para el extremo de goma por solo \u20ac 3,00 adicionales aqu\u00ed a la derecha\/arriba.","og_url":"https:\/\/a-cords.nl\/es\/producto\/anaa\/","og_site_name":"A-Cords","article_modified_time":"2022-12-20T10:06:17+00:00","og_image":[{"width":1960,"height":1102,"url":"https:\/\/a-cords.nl\/wp-content\/uploads\/2022\/11\/cdc3f6_b1f7b2477a314f9699c2da67529c1e2emv2.jpeg","type":"image\/jpeg"}],"twitter_card":"summary_large_image","schema":{"@context":"https:\/\/schema.org","@graph":[{"@type":"WebPage","@id":"https:\/\/a-cords.nl\/es\/producto\/anaa\/","url":"https:\/\/a-cords.nl\/es\/producto\/anaa\/","name":"Anaa - A-Cords","isPartOf":{"@id":"https:\/\/a-cords.nl\/es\/#website"},"primaryImageOfPage":{"@id":"https:\/\/a-cords.nl\/es\/producto\/anaa\/#primaryimage"},"image":{"@id":"https:\/\/a-cords.nl\/es\/producto\/anaa\/#primaryimage"},"thumbnailUrl":"https:\/\/a-cords.nl\/wp-content\/uploads\/2022\/11\/cdc3f6_b1f7b2477a314f9699c2da67529c1e2emv2.jpeg","datePublished":"2022-11-14T08:49:47+00:00","dateModified":"2022-12-20T10:06:17+00:00","breadcrumb":{"@id":"https:\/\/a-cords.nl\/es\/producto\/anaa\/#breadcrumb"},"inLanguage":"es","potentialAction":[{"@type":"ReadAction","target":["https:\/\/a-cords.nl\/es\/producto\/anaa\/"]}]},{"@type":"ImageObject","inLanguage":"es","@id":"https:\/\/a-cords.nl\/es\/producto\/anaa\/#primaryimage","url":"https:\/\/a-cords.nl\/wp-content\/uploads\/2022\/11\/cdc3f6_b1f7b2477a314f9699c2da67529c1e2emv2.jpeg","contentUrl":"https:\/\/a-cords.nl\/wp-content\/uploads\/2022\/11\/cdc3f6_b1f7b2477a314f9699c2da67529c1e2emv2.jpeg","width":1960,"height":1102,"caption":"Rood Brillenkoord"},{"@type":"BreadcrumbList","@id":"https:\/\/a-cords.nl\/es\/producto\/anaa\/#breadcrumb","itemListElement":[{"@type":"ListItem","position":1,"name":"Home","item":"https:\/\/a-cords.nl\/es\/"},{"@type":"ListItem","position":2,"name":"Shop","item":"https:\/\/a-cords.nl\/sunglasses-cords\/"},{"@type":"ListItem","position":3,"name":"Anaa"}]},{"@type":"WebSite","@id":"https:\/\/a-cords.nl\/es\/#website","url":"https:\/\/a-cords.nl\/es\/","name":"A-Cords","description":"Sunglasses Cords","publisher":{"@id":"https:\/\/a-cords.nl\/es\/#organization"},"potentialAction":[{"@type":"SearchAction","target":{"@type":"EntryPoint","urlTemplate":"https:\/\/a-cords.nl\/es\/?s={search_term_string}"},"query-input":{"@type":"PropertyValueSpecification","valueRequired":true,"valueName":"search_term_string"}}],"inLanguage":"es"},{"@type":"Organization","@id":"https:\/\/a-cords.nl\/es\/#organization","name":"A-Cords","url":"https:\/\/a-cords.nl\/es\/","logo":{"@type":"ImageObject","inLanguage":"es","@id":"https:\/\/a-cords.nl\/es\/#\/schema\/logo\/image\/","url":"https:\/\/a-cords.nl\/wp-content\/uploads\/2022\/11\/Logo-A-Cords-zonder-slogan-met-zwart-e1668434631874.png","contentUrl":"https:\/\/a-cords.nl\/wp-content\/uploads\/2022\/11\/Logo-A-Cords-zonder-slogan-met-zwart-e1668434631874.png","width":363,"height":183,"caption":"A-Cords"},"image":{"@id":"https:\/\/a-cords.nl\/es\/#\/schema\/logo\/image\/"}}]}},"_links":{"self":[{"href":"https:\/\/a-cords.nl\/es\/wp-json\/wp\/v2\/product\/8412","targetHints":{"allow":["GET"]}}],"collection":[{"href":"https:\/\/a-cords.nl\/es\/wp-json\/wp\/v2\/product"}],"about":[{"href":"https:\/\/a-cords.nl\/es\/wp-json\/wp\/v2\/types\/product"}],"replies":[{"embeddable":true,"href":"https:\/\/a-cords.nl\/es\/wp-json\/wp\/v2\/comments?post=8412"}],"wp:featuredmedia":[{"embeddable":true,"href":"https:\/\/a-cords.nl\/es\/wp-json\/wp\/v2\/media\/9246"}],"wp:attachment":[{"href":"https:\/\/a-cords.nl\/es\/wp-json\/wp\/v2\/media?parent=8412"}],"wp:term":[{"taxonomy":"product_brand","embeddable":true,"href":"https:\/\/a-cords.nl\/es\/wp-json\/wp\/v2\/product_brand?post=8412"},{"taxonomy":"product_cat","embeddable":true,"href":"https:\/\/a-cords.nl\/es\/wp-json\/wp\/v2\/product_cat?post=8412"},{"taxonomy":"product_tag","embeddable":true,"href":"https:\/\/a-cords.nl\/es\/wp-json\/wp\/v2\/product_tag?post=8412"}],"curies":[{"name":"wp","href":"https:\/\/api.w.org\/{rel}","templated":true}]}}