{"id":9616,"date":"2022-10-29T12:58:28","date_gmt":"2022-10-29T12:58:28","guid":{"rendered":"http:\/\/a-cords.nl\/?page_id=9616"},"modified":"2024-05-13T14:21:54","modified_gmt":"2024-05-13T14:21:54","slug":"return-delivery","status":"publish","type":"page","link":"https:\/\/a-cords.nl\/es\/return-delivery\/","title":{"rendered":"Return &#038; Delivery"},"content":{"rendered":"<section class=\"wpb-content-wrapper\"><p>[vc_row content_placement=\u00bbmiddle\u00bb woodmart_css_id=\u00bb635d267fcca42&#8243; responsive_spacing=\u00bbeyJwYXJhbV90eXBlIjoid29vZG1hcnRfcmVzcG9uc2l2ZV9zcGFjaW5nIiwic2VsZWN0b3JfaWQiOiI2MzVkMjY3ZmNjYTQyIiwic2hvcnRjb2RlIjoidmNfcm93IiwiZGF0YSI6eyJ0YWJsZXQiOnt9LCJtb2JpbGUiOnt9fX0=\u00bb mobile_bg_img_hidden=\u00bbno\u00bb tablet_bg_img_hidden=\u00bbno\u00bb woodmart_parallax=\u00bb0&#8243; woodmart_gradient_switch=\u00bbno\u00bb woodmart_box_shadow=\u00bbno\u00bb wd_z_index=\u00bbno\u00bb woodmart_disable_overflow=\u00bb0&#8243; row_reverse_mobile=\u00bb0&#8243; row_reverse_tablet=\u00bb0&#8243;][vc_column]\t\t<div id=\"wd-6372708ee1863\" class=\"wd-text-block wd-wpb reset-last-child wd-rs-6372708ee1863 text-center wd-fontsize-custom \">\n\t\t\t<p>Devoluci\u00f3n y Entrega<\/p>\n\t\t<\/div>\n\t\t\t\t<div id=\"wd-664221f80bf10\" class=\"wd-text-block wd-wpb reset-last-child wd-rs-664221f80bf10 text-left \">\n\t\t\t<p><strong>Regreso:<\/strong><\/p>\n<p>Lamentamos saber que el cord\u00f3n A-Cords no cumple con sus expectativas.<\/p>\n<p>Comun\u00edquese con nosotros por correo electr\u00f3nico ( Angela@acords.nl ) dentro de los 14 d\u00edas posteriores a la recepci\u00f3n de su A-Cord y d\u00edganos lo siguiente:<\/p>\n<ul>\n<li>Su (s) n\u00famero (s) de pedido<\/li>\n<li>El motivo por el que desea devolver su A-Cord<\/li>\n<li>Si desea cambiarlo por otro A-Cord o si desea un reembolso. Tenga en cuenta que el cord\u00f3n debe estar en las mismas condiciones que cuando se entreg\u00f3. Adem\u00e1s, el cord\u00f3n no debe haber sido utilizado para que podamos aceptar el intercambio.<\/li>\n<\/ul>\n<p>Despu\u00e9s de enviarnos lo anterior por correo electr\u00f3nico para cualquier producto no da\u00f1ado y no utilizado, simplemente devu\u00e9lvalo a:<\/p>\n<p><em>A-Cords<\/em><\/p>\n<p><em>Jupiter 505<\/em><\/p>\n<p><em>1115 TR Duivendrecht<br \/>\nPa\u00edses Bajos<\/em><\/p>\n<p>\u200b<\/p>\n<p>Devuelva el cord\u00f3n con sus accesorios y empaques incluidos junto con el recibo original (o recibo de regalo) dentro de los 14 d\u00edas de la fecha en que reciba el producto, y lo cambiaremos por uno nuevo u ofreceremos un reembolso basado en el m\u00e9todo de pago original.<\/p>\n<p>Los costos de env\u00edo para devolver \/ intercambiar son para el cliente.<\/p>\n<p>Adem\u00e1s, tenga en cuenta lo siguiente:<\/p>\n<p>Si A-Cords recibe el producto da\u00f1ado o usado, no reembolsaremos ni cambiaremos el producto.<\/p>\n<p><strong>Entrega:<\/strong><\/p>\n<p>No cobramos gastos de env\u00edo dentro de los Pa\u00edses Bajos. Tomar\u00e1 alrededor de 2-3 d\u00edas h\u00e1biles.<\/p>\n<p>Para pa\u00edses fuera de los Pa\u00edses Bajos cobramos \u20ac 5,00. Tomar\u00e1 alrededor de 5-8 d\u00edas h\u00e1biles. Si su pedido supera los \u20ac 60,00 los gastos de env\u00edo son gratuitos.<\/p>\n\t\t<\/div>\n\t\t[\/vc_column][\/vc_row]<\/p>\n<\/section>","protected":false},"excerpt":{"rendered":"<p>[vc_row content_placement=\u00bbmiddle\u00bb woodmart_css_id=\u00bb635d267fcca42&#8243; responsive_spacing=\u00bbeyJwYXJhbV90eXBlIjoid29vZG1hcnRfcmVzcG9uc2l2ZV9zcGFjaW5nIiwic2VsZWN0b3JfaWQiOiI2MzVkMjY3ZmNjYTQyIiwic2hvcnRjb2RlIjoidmNfcm93IiwiZGF0YSI6eyJ0YWJsZXQiOnt9LCJtb2JpbGUiOnt9fX0=\u00bb mobile_bg_img_hidden=\u00bbno\u00bb tablet_bg_img_hidden=\u00bbno\u00bb woodmart_parallax=\u00bb0&#8243; woodmart_gradient_switch=\u00bbno\u00bb woodmart_box_shadow=\u00bbno\u00bb wd_z_index=\u00bbno\u00bb woodmart_disable_overflow=\u00bb0&#8243; row_reverse_mobile=\u00bb0&#8243; row_reverse_tablet=\u00bb0&#8243;][vc_column][\/vc_column][\/vc_row]<\/p>\n","protected":false},"author":1,"featured_media":0,"parent":0,"menu_order":0,"comment_status":"closed","ping_status":"closed","template":"","meta":{"footnotes":""},"class_list":["post-9616","page","type-page","status-publish","hentry"],"yoast_head":"<!-- This site is optimized with the Yoast SEO plugin v27.6 - https:\/\/yoast.com\/product\/yoast-seo-wordpress\/ -->\n<title>Return &amp; Delivery - A-Cords<\/title>\n<meta name=\"robots\" content=\"index, follow, max-snippet:-1, max-image-preview:large, max-video-preview:-1\" \/>\n<link rel=\"canonical\" href=\"https:\/\/a-cords.nl\/es\/return-delivery\/\" \/>\n<meta property=\"og:locale\" content=\"es_ES\" \/>\n<meta property=\"og:type\" content=\"article\" \/>\n<meta property=\"og:title\" content=\"Return &amp; Delivery - A-Cords\" \/>\n<meta property=\"og:description\" content=\"[vc_row content_placement=\u00bbmiddle\u00bb woodmart_css_id=\u00bb635d267fcca42&#8243; responsive_spacing=\u00bbeyJwYXJhbV90eXBlIjoid29vZG1hcnRfcmVzcG9uc2l2ZV9zcGFjaW5nIiwic2VsZWN0b3JfaWQiOiI2MzVkMjY3ZmNjYTQyIiwic2hvcnRjb2RlIjoidmNfcm93IiwiZGF0YSI6eyJ0YWJsZXQiOnt9LCJtb2JpbGUiOnt9fX0=\u00bb mobile_bg_img_hidden=\u00bbno\u00bb tablet_bg_img_hidden=\u00bbno\u00bb woodmart_parallax=\u00bb0&#8243; woodmart_gradient_switch=\u00bbno\u00bb woodmart_box_shadow=\u00bbno\u00bb wd_z_index=\u00bbno\u00bb woodmart_disable_overflow=\u00bb0&#8243; row_reverse_mobile=\u00bb0&#8243; row_reverse_tablet=\u00bb0&#8243;][vc_column][\/vc_column][\/vc_row]\" \/>\n<meta property=\"og:url\" content=\"https:\/\/a-cords.nl\/es\/return-delivery\/\" \/>\n<meta property=\"og:site_name\" content=\"A-Cords\" \/>\n<meta property=\"article:modified_time\" content=\"2024-05-13T14:21:54+00:00\" \/>\n<meta name=\"twitter:card\" content=\"summary_large_image\" \/>\n<meta name=\"twitter:label1\" content=\"Tiempo de lectura\" \/>\n\t<meta name=\"twitter:data1\" content=\"2 minutos\" \/>\n<script type=\"application\/ld+json\" class=\"yoast-schema-graph\">{\"@context\":\"https:\\\/\\\/schema.org\",\"@graph\":[{\"@type\":\"WebPage\",\"@id\":\"https:\\\/\\\/a-cords.nl\\\/es\\\/return-delivery\\\/\",\"url\":\"https:\\\/\\\/a-cords.nl\\\/es\\\/return-delivery\\\/\",\"name\":\"Return & Delivery - A-Cords\",\"isPartOf\":{\"@id\":\"https:\\\/\\\/a-cords.nl\\\/es\\\/#website\"},\"datePublished\":\"2022-10-29T12:58:28+00:00\",\"dateModified\":\"2024-05-13T14:21:54+00:00\",\"breadcrumb\":{\"@id\":\"https:\\\/\\\/a-cords.nl\\\/es\\\/return-delivery\\\/#breadcrumb\"},\"inLanguage\":\"es\",\"potentialAction\":[{\"@type\":\"ReadAction\",\"target\":[\"https:\\\/\\\/a-cords.nl\\\/es\\\/return-delivery\\\/\"]}]},{\"@type\":\"BreadcrumbList\",\"@id\":\"https:\\\/\\\/a-cords.nl\\\/es\\\/return-delivery\\\/#breadcrumb\",\"itemListElement\":[{\"@type\":\"ListItem\",\"position\":1,\"name\":\"Home\",\"item\":\"https:\\\/\\\/a-cords.nl\\\/es\\\/\"},{\"@type\":\"ListItem\",\"position\":2,\"name\":\"Return &#038; Delivery\"}]},{\"@type\":\"WebSite\",\"@id\":\"https:\\\/\\\/a-cords.nl\\\/es\\\/#website\",\"url\":\"https:\\\/\\\/a-cords.nl\\\/es\\\/\",\"name\":\"A-Cords\",\"description\":\"Sunglasses Cords\",\"publisher\":{\"@id\":\"https:\\\/\\\/a-cords.nl\\\/es\\\/#organization\"},\"potentialAction\":[{\"@type\":\"SearchAction\",\"target\":{\"@type\":\"EntryPoint\",\"urlTemplate\":\"https:\\\/\\\/a-cords.nl\\\/es\\\/?s={search_term_string}\"},\"query-input\":{\"@type\":\"PropertyValueSpecification\",\"valueRequired\":true,\"valueName\":\"search_term_string\"}}],\"inLanguage\":\"es\"},{\"@type\":\"Organization\",\"@id\":\"https:\\\/\\\/a-cords.nl\\\/es\\\/#organization\",\"name\":\"A-Cords\",\"url\":\"https:\\\/\\\/a-cords.nl\\\/es\\\/\",\"logo\":{\"@type\":\"ImageObject\",\"inLanguage\":\"es\",\"@id\":\"https:\\\/\\\/a-cords.nl\\\/es\\\/#\\\/schema\\\/logo\\\/image\\\/\",\"url\":\"https:\\\/\\\/a-cords.nl\\\/wp-content\\\/uploads\\\/2022\\\/11\\\/Logo-A-Cords-zonder-slogan-met-zwart-e1668434631874.png\",\"contentUrl\":\"https:\\\/\\\/a-cords.nl\\\/wp-content\\\/uploads\\\/2022\\\/11\\\/Logo-A-Cords-zonder-slogan-met-zwart-e1668434631874.png\",\"width\":363,\"height\":183,\"caption\":\"A-Cords\"},\"image\":{\"@id\":\"https:\\\/\\\/a-cords.nl\\\/es\\\/#\\\/schema\\\/logo\\\/image\\\/\"}}]}<\/script>\n<!-- \/ Yoast SEO plugin. -->","yoast_head_json":{"title":"Return & Delivery - A-Cords","robots":{"index":"index","follow":"follow","max-snippet":"max-snippet:-1","max-image-preview":"max-image-preview:large","max-video-preview":"max-video-preview:-1"},"canonical":"https:\/\/a-cords.nl\/es\/return-delivery\/","og_locale":"es_ES","og_type":"article","og_title":"Return & Delivery - A-Cords","og_description":"[vc_row content_placement=\u00bbmiddle\u00bb woodmart_css_id=\u00bb635d267fcca42&#8243; responsive_spacing=\u00bbeyJwYXJhbV90eXBlIjoid29vZG1hcnRfcmVzcG9uc2l2ZV9zcGFjaW5nIiwic2VsZWN0b3JfaWQiOiI2MzVkMjY3ZmNjYTQyIiwic2hvcnRjb2RlIjoidmNfcm93IiwiZGF0YSI6eyJ0YWJsZXQiOnt9LCJtb2JpbGUiOnt9fX0=\u00bb mobile_bg_img_hidden=\u00bbno\u00bb tablet_bg_img_hidden=\u00bbno\u00bb woodmart_parallax=\u00bb0&#8243; woodmart_gradient_switch=\u00bbno\u00bb woodmart_box_shadow=\u00bbno\u00bb wd_z_index=\u00bbno\u00bb woodmart_disable_overflow=\u00bb0&#8243; row_reverse_mobile=\u00bb0&#8243; row_reverse_tablet=\u00bb0&#8243;][vc_column][\/vc_column][\/vc_row]","og_url":"https:\/\/a-cords.nl\/es\/return-delivery\/","og_site_name":"A-Cords","article_modified_time":"2024-05-13T14:21:54+00:00","twitter_card":"summary_large_image","twitter_misc":{"Tiempo de lectura":"2 minutos"},"schema":{"@context":"https:\/\/schema.org","@graph":[{"@type":"WebPage","@id":"https:\/\/a-cords.nl\/es\/return-delivery\/","url":"https:\/\/a-cords.nl\/es\/return-delivery\/","name":"Return & Delivery - A-Cords","isPartOf":{"@id":"https:\/\/a-cords.nl\/es\/#website"},"datePublished":"2022-10-29T12:58:28+00:00","dateModified":"2024-05-13T14:21:54+00:00","breadcrumb":{"@id":"https:\/\/a-cords.nl\/es\/return-delivery\/#breadcrumb"},"inLanguage":"es","potentialAction":[{"@type":"ReadAction","target":["https:\/\/a-cords.nl\/es\/return-delivery\/"]}]},{"@type":"BreadcrumbList","@id":"https:\/\/a-cords.nl\/es\/return-delivery\/#breadcrumb","itemListElement":[{"@type":"ListItem","position":1,"name":"Home","item":"https:\/\/a-cords.nl\/es\/"},{"@type":"ListItem","position":2,"name":"Return &#038; Delivery"}]},{"@type":"WebSite","@id":"https:\/\/a-cords.nl\/es\/#website","url":"https:\/\/a-cords.nl\/es\/","name":"A-Cords","description":"Sunglasses Cords","publisher":{"@id":"https:\/\/a-cords.nl\/es\/#organization"},"potentialAction":[{"@type":"SearchAction","target":{"@type":"EntryPoint","urlTemplate":"https:\/\/a-cords.nl\/es\/?s={search_term_string}"},"query-input":{"@type":"PropertyValueSpecification","valueRequired":true,"valueName":"search_term_string"}}],"inLanguage":"es"},{"@type":"Organization","@id":"https:\/\/a-cords.nl\/es\/#organization","name":"A-Cords","url":"https:\/\/a-cords.nl\/es\/","logo":{"@type":"ImageObject","inLanguage":"es","@id":"https:\/\/a-cords.nl\/es\/#\/schema\/logo\/image\/","url":"https:\/\/a-cords.nl\/wp-content\/uploads\/2022\/11\/Logo-A-Cords-zonder-slogan-met-zwart-e1668434631874.png","contentUrl":"https:\/\/a-cords.nl\/wp-content\/uploads\/2022\/11\/Logo-A-Cords-zonder-slogan-met-zwart-e1668434631874.png","width":363,"height":183,"caption":"A-Cords"},"image":{"@id":"https:\/\/a-cords.nl\/es\/#\/schema\/logo\/image\/"}}]}},"_links":{"self":[{"href":"https:\/\/a-cords.nl\/es\/wp-json\/wp\/v2\/pages\/9616","targetHints":{"allow":["GET"]}}],"collection":[{"href":"https:\/\/a-cords.nl\/es\/wp-json\/wp\/v2\/pages"}],"about":[{"href":"https:\/\/a-cords.nl\/es\/wp-json\/wp\/v2\/types\/page"}],"author":[{"embeddable":true,"href":"https:\/\/a-cords.nl\/es\/wp-json\/wp\/v2\/users\/1"}],"replies":[{"embeddable":true,"href":"https:\/\/a-cords.nl\/es\/wp-json\/wp\/v2\/comments?post=9616"}],"version-history":[{"count":4,"href":"https:\/\/a-cords.nl\/es\/wp-json\/wp\/v2\/pages\/9616\/revisions"}],"predecessor-version":[{"id":11205,"href":"https:\/\/a-cords.nl\/es\/wp-json\/wp\/v2\/pages\/9616\/revisions\/11205"}],"wp:attachment":[{"href":"https:\/\/a-cords.nl\/es\/wp-json\/wp\/v2\/media?parent=9616"}],"curies":[{"name":"wp","href":"https:\/\/api.w.org\/{rel}","templated":true}]}}