{"id":9610,"date":"2022-10-29T12:11:02","date_gmt":"2022-10-29T12:11:02","guid":{"rendered":"http:\/\/a-cords.nl\/?page_id=9610"},"modified":"2022-11-14T16:38:51","modified_gmt":"2022-11-14T16:38:51","slug":"privacy-policy","status":"publish","type":"page","link":"https:\/\/a-cords.nl\/es\/privacy-policy\/","title":{"rendered":"Privacy policy"},"content":{"rendered":"<section class=\"wpb-content-wrapper\"><p>[vc_row][vc_column]\t\t<div id=\"wd-63726ee0bb0bb\" class=\"wd-text-block wd-wpb reset-last-child wd-rs-63726ee0bb0bb text-center wd-fontsize-custom \">\n\t\t\t<p>Pol\u00edtica de privacidad<\/p>\n<div id=\"gtx-trans\" style=\"position: absolute; left: -30px; top: 37.8px;\">\n<div class=\"gtx-trans-icon\"><\/div>\n<\/div>\n\t\t<\/div>\n\t\t[\/vc_column][\/vc_row][vc_row content_placement=\u00bbmiddle\u00bb woodmart_css_id=\u00bb635d22de08804&#8243; responsive_spacing=\u00bbeyJwYXJhbV90eXBlIjoid29vZG1hcnRfcmVzcG9uc2l2ZV9zcGFjaW5nIiwic2VsZWN0b3JfaWQiOiI2MzVkMjJkZTA4ODA0Iiwic2hvcnRjb2RlIjoidmNfcm93IiwiZGF0YSI6eyJ0YWJsZXQiOnt9LCJtb2JpbGUiOnt9fX0=\u00bb mobile_bg_img_hidden=\u00bbno\u00bb tablet_bg_img_hidden=\u00bbno\u00bb woodmart_parallax=\u00bb0&#8243; woodmart_gradient_switch=\u00bbno\u00bb woodmart_box_shadow=\u00bbno\u00bb wd_z_index=\u00bbno\u00bb woodmart_disable_overflow=\u00bb0&#8243; row_reverse_mobile=\u00bb0&#8243; row_reverse_tablet=\u00bb0&#8243;][vc_column]\t\t<div id=\"wd-63726eea8d515\" class=\"wd-text-block wd-wpb reset-last-child wd-rs-63726eea8d515 text-left \">\n\t\t\t<p><strong>\u00bfQu\u00e9 tipo de informaci\u00f3n recopilamos?<\/strong><br \/>\nRecibimos, recopilamos y almacenamos cualquier informaci\u00f3n que ingrese en nuestro sitio web o nos proporcione de cualquier otra manera. Adem\u00e1s, recopilamos la direcci\u00f3n de protocolo de Internet (IP) utilizada para conectar su PC a Internet. Podemos utilizar herramientas de software para medir y recopilar informaci\u00f3n de sesi\u00f3n, incluidos los tiempos de respuesta de la p\u00e1gina, la duraci\u00f3n de las visitas a ciertas p\u00e1ginas, la informaci\u00f3n de interacci\u00f3n de la p\u00e1gina y los m\u00e9todos utilizados para navegar fuera de la p\u00e1gina. Tambi\u00e9n recopilamos informaci\u00f3n de identificaci\u00f3n personal (incluyendo nombre, correo electr\u00f3nico, contrase\u00f1a, comunicaciones); detalles de pago (incluida la informaci\u00f3n de la tarjeta de cr\u00e9dito), comentarios, feedback, rese\u00f1as de productos, recomendaciones y perfil personal.<\/p>\n<p>&nbsp;<\/p>\n<p><strong>\u00bfC\u00f3mo recopilamos informaci\u00f3n?<\/strong><br \/>\nCuando realiza una transacci\u00f3n en nuestro sitio web, como parte del proceso, recopilamos la informaci\u00f3n personal que nos proporciona, como su nombre, direcci\u00f3n y direcci\u00f3n de correo electr\u00f3nico. Su informaci\u00f3n personal se utilizar\u00e1 \u00fanicamente por los motivos espec\u00edficos mencionados anteriormente.<\/p>\n<p>&nbsp;<\/p>\n<p><strong>\u00bfPor qu\u00e9 recopilamos dicha informaci\u00f3n personal?<\/strong><br \/>\nRecopilamos dicha informaci\u00f3n no personal y personal para los siguientes prop\u00f3sitos:<\/p>\n<p>Para proporcionar y operar los cordones;<\/p>\n<p>Para proporcionar a nuestros visitantes asistencia continua;<\/p>\n<p>Para poder contactar a nuestros visitantes con avisos generales o personalizados relacionados con el servicio y mensajes promocionales;<\/p>\n<p>Para crear datos estad\u00edsticos agregados y otra informaci\u00f3n no personal agregada y \/ o inferida, que podemos utilizar para proporcionar y mejorar nuestros servicios respectivos;<\/p>\n<p>Para cumplir con las leyes y regulaciones aplicables.<\/p>\n<p>&nbsp;<\/p>\n<p><strong>\u00bfC\u00f3mo almacenamos, usamos, compartimos y divulgamos la informaci\u00f3n personal de los visitantes de nuestro sitio?<\/strong><br \/>\nNuestra empresa est\u00e1 alojada en la plataforma Wix.com. Wix.com nos proporciona la plataforma en l\u00ednea que nos permite venderle nuestros productos y servicios. Sus datos pueden almacenarse a trav\u00e9s del almacenamiento de datos de Wix.com, las bases de datos y las aplicaciones generales de Wix.com almacenan sus datos en servidores seguros detr\u00e1s de un firewall.<br \/>\nTodas las pasarelas de pago directo ofrecidas por Wix.com y utilizadas por nuestra compa\u00f1\u00eda se adhieren a los est\u00e1ndares establecidos por PCI-DSS seg\u00fan lo administra el Consejo de Est\u00e1ndares de Seguridad PCI, que es un esfuerzo conjunto de marcas como Visa, MasterCard, American Express y Discover. Los requisitos de PCI-DSS ayudan a garantizar el manejo seguro de la informaci\u00f3n de la tarjeta de cr\u00e9dito por parte de nuestra tienda y sus proveedores de servicios.<\/p>\n<p>&nbsp;<\/p>\n<p><strong>\u00bfC\u00f3mo nos comunicamos con los visitantes de nuestro sitio?<\/strong><br \/>\nPodemos comunicarnos con usted para notificarle sobre su Cord\u00f3n, para solucionar problemas con su Cord\u00f3n, para resolver una disputa, para cobrar tarifas o dinero adeudado, para sondear sus opiniones a trav\u00e9s de encuestas o cuestionarios, para enviar actualizaciones sobre nuestra empresa o, de lo contrario, si es necesario para contactarle.<\/p>\n<p>Para estos fines, podemos contactarlo por correo electr\u00f3nico, tel\u00e9fono, mensajes de texto y correo postal.<\/p>\n<p>&nbsp;<\/p>\n<p><strong>\u00bfC\u00f3mo utilizamos las cookies y otras herramientas de seguimiento?<\/strong><\/p>\n<p>Utilizamos herramientas como Google Analytics para rastrear su comportamiento en nuestro sitio web para aprender de \u00e9l. Por favor vea el primer p\u00e1rrafo.<\/p>\n<p>Dado que estas herramientas de seguimiento tienen su propia pol\u00edtica de privacidad, no se mencionan en esta pol\u00edtica de privacidad. Consulte la pol\u00edtica de privacidad de Google Analytics.<\/p>\n<p>&nbsp;<\/p>\n<p><strong>\u00bfC\u00f3mo pueden los visitantes de nuestro sitio retirar su consentimiento?<\/strong><br \/>\nSi no desea que procesemos sus datos, cont\u00e1ctenos a A-Cords@outlook.com.<\/p>\n<p>&nbsp;<\/p>\n<p><strong>Actualizaciones de pol\u00edtica de privacidad<\/strong><br \/>\nNos reservamos el derecho de modificar esta pol\u00edtica de privacidad en cualquier momento, por lo tanto, rev\u00edsela con frecuencia. Los cambios y aclaraciones entrar\u00e1n en vigencia inmediatamente despu\u00e9s de su publicaci\u00f3n en el sitio web. Si hacemos cambios materiales a esta pol\u00edtica, le notificaremos aqu\u00ed que se ha actualizado, para que sepa qu\u00e9 informaci\u00f3n recopilamos, c\u00f3mo la usamos y bajo qu\u00e9 circunstancias, si corresponde, usamos y \/ o divulgamos eso.<\/p>\n<p>&nbsp;<\/p>\n<p><strong>Preguntas y nuestra informaci\u00f3n de contacto<\/strong><br \/>\nSi desea: acceder, corregir, modificar o eliminar cualquier informaci\u00f3n personal que tengamos sobre usted, est\u00e1 invitado a contactarnos a A-Cords@outlook.com.<\/p>\n\t\t<\/div>\n\t\t[\/vc_column][\/vc_row]<\/p>\n<\/section>","protected":false},"excerpt":{"rendered":"<p>[vc_row][vc_column][\/vc_column][\/vc_row][vc_row content_placement=\u00bbmiddle\u00bb woodmart_css_id=\u00bb635d22de08804&#8243; responsive_spacing=\u00bbeyJwYXJhbV90eXBlIjoid29vZG1hcnRfcmVzcG9uc2l2ZV9zcGFjaW5nIiwic2VsZWN0b3JfaWQiOiI2MzVkMjJkZTA4ODA0Iiwic2hvcnRjb2RlIjoidmNfcm93IiwiZGF0YSI6eyJ0YWJsZXQiOnt9LCJtb2JpbGUiOnt9fX0=\u00bb mobile_bg_img_hidden=\u00bbno\u00bb tablet_bg_img_hidden=\u00bbno\u00bb woodmart_parallax=\u00bb0&#8243; woodmart_gradient_switch=\u00bbno\u00bb woodmart_box_shadow=\u00bbno\u00bb wd_z_index=\u00bbno\u00bb woodmart_disable_overflow=\u00bb0&#8243; row_reverse_mobile=\u00bb0&#8243; row_reverse_tablet=\u00bb0&#8243;][vc_column][\/vc_column][\/vc_row]<\/p>\n","protected":false},"author":1,"featured_media":0,"parent":0,"menu_order":0,"comment_status":"closed","ping_status":"closed","template":"","meta":{"footnotes":""},"class_list":["post-9610","page","type-page","status-publish","hentry"],"yoast_head":"<!-- This site is optimized with the Yoast SEO plugin v27.4 - https:\/\/yoast.com\/product\/yoast-seo-wordpress\/ -->\n<title>Privacy policy - A-Cords<\/title>\n<meta name=\"robots\" content=\"index, follow, max-snippet:-1, max-image-preview:large, max-video-preview:-1\" \/>\n<link rel=\"canonical\" href=\"https:\/\/a-cords.nl\/es\/privacy-policy\/\" \/>\n<meta property=\"og:locale\" content=\"es_ES\" \/>\n<meta property=\"og:type\" content=\"article\" \/>\n<meta property=\"og:title\" content=\"Privacy policy - A-Cords\" \/>\n<meta property=\"og:description\" content=\"[vc_row][vc_column][\/vc_column][\/vc_row][vc_row content_placement=\u00bbmiddle\u00bb woodmart_css_id=\u00bb635d22de08804&#8243; responsive_spacing=\u00bbeyJwYXJhbV90eXBlIjoid29vZG1hcnRfcmVzcG9uc2l2ZV9zcGFjaW5nIiwic2VsZWN0b3JfaWQiOiI2MzVkMjJkZTA4ODA0Iiwic2hvcnRjb2RlIjoidmNfcm93IiwiZGF0YSI6eyJ0YWJsZXQiOnt9LCJtb2JpbGUiOnt9fX0=\u00bb mobile_bg_img_hidden=\u00bbno\u00bb tablet_bg_img_hidden=\u00bbno\u00bb woodmart_parallax=\u00bb0&#8243; woodmart_gradient_switch=\u00bbno\u00bb woodmart_box_shadow=\u00bbno\u00bb wd_z_index=\u00bbno\u00bb woodmart_disable_overflow=\u00bb0&#8243; row_reverse_mobile=\u00bb0&#8243; row_reverse_tablet=\u00bb0&#8243;][vc_column][\/vc_column][\/vc_row]\" \/>\n<meta property=\"og:url\" content=\"https:\/\/a-cords.nl\/es\/privacy-policy\/\" \/>\n<meta property=\"og:site_name\" content=\"A-Cords\" \/>\n<meta property=\"article:modified_time\" content=\"2022-11-14T16:38:51+00:00\" \/>\n<meta name=\"twitter:card\" content=\"summary_large_image\" \/>\n<meta name=\"twitter:label1\" content=\"Tiempo de lectura\" \/>\n\t<meta name=\"twitter:data1\" content=\"3 minutos\" \/>\n<script type=\"application\/ld+json\" class=\"yoast-schema-graph\">{\"@context\":\"https:\\\/\\\/schema.org\",\"@graph\":[{\"@type\":\"WebPage\",\"@id\":\"https:\\\/\\\/a-cords.nl\\\/es\\\/privacy-policy\\\/\",\"url\":\"https:\\\/\\\/a-cords.nl\\\/es\\\/privacy-policy\\\/\",\"name\":\"Privacy policy - A-Cords\",\"isPartOf\":{\"@id\":\"https:\\\/\\\/a-cords.nl\\\/es\\\/#website\"},\"datePublished\":\"2022-10-29T12:11:02+00:00\",\"dateModified\":\"2022-11-14T16:38:51+00:00\",\"breadcrumb\":{\"@id\":\"https:\\\/\\\/a-cords.nl\\\/es\\\/privacy-policy\\\/#breadcrumb\"},\"inLanguage\":\"es\",\"potentialAction\":[{\"@type\":\"ReadAction\",\"target\":[\"https:\\\/\\\/a-cords.nl\\\/es\\\/privacy-policy\\\/\"]}]},{\"@type\":\"BreadcrumbList\",\"@id\":\"https:\\\/\\\/a-cords.nl\\\/es\\\/privacy-policy\\\/#breadcrumb\",\"itemListElement\":[{\"@type\":\"ListItem\",\"position\":1,\"name\":\"Home\",\"item\":\"https:\\\/\\\/a-cords.nl\\\/es\\\/\"},{\"@type\":\"ListItem\",\"position\":2,\"name\":\"Privacy policy\"}]},{\"@type\":\"WebSite\",\"@id\":\"https:\\\/\\\/a-cords.nl\\\/es\\\/#website\",\"url\":\"https:\\\/\\\/a-cords.nl\\\/es\\\/\",\"name\":\"A-Cords\",\"description\":\"Sunglasses Cords\",\"publisher\":{\"@id\":\"https:\\\/\\\/a-cords.nl\\\/es\\\/#organization\"},\"potentialAction\":[{\"@type\":\"SearchAction\",\"target\":{\"@type\":\"EntryPoint\",\"urlTemplate\":\"https:\\\/\\\/a-cords.nl\\\/es\\\/?s={search_term_string}\"},\"query-input\":{\"@type\":\"PropertyValueSpecification\",\"valueRequired\":true,\"valueName\":\"search_term_string\"}}],\"inLanguage\":\"es\"},{\"@type\":\"Organization\",\"@id\":\"https:\\\/\\\/a-cords.nl\\\/es\\\/#organization\",\"name\":\"A-Cords\",\"url\":\"https:\\\/\\\/a-cords.nl\\\/es\\\/\",\"logo\":{\"@type\":\"ImageObject\",\"inLanguage\":\"es\",\"@id\":\"https:\\\/\\\/a-cords.nl\\\/es\\\/#\\\/schema\\\/logo\\\/image\\\/\",\"url\":\"https:\\\/\\\/a-cords.nl\\\/wp-content\\\/uploads\\\/2022\\\/11\\\/Logo-A-Cords-zonder-slogan-met-zwart-e1668434631874.png\",\"contentUrl\":\"https:\\\/\\\/a-cords.nl\\\/wp-content\\\/uploads\\\/2022\\\/11\\\/Logo-A-Cords-zonder-slogan-met-zwart-e1668434631874.png\",\"width\":363,\"height\":183,\"caption\":\"A-Cords\"},\"image\":{\"@id\":\"https:\\\/\\\/a-cords.nl\\\/es\\\/#\\\/schema\\\/logo\\\/image\\\/\"}}]}<\/script>\n<!-- \/ Yoast SEO plugin. -->","yoast_head_json":{"title":"Privacy policy - A-Cords","robots":{"index":"index","follow":"follow","max-snippet":"max-snippet:-1","max-image-preview":"max-image-preview:large","max-video-preview":"max-video-preview:-1"},"canonical":"https:\/\/a-cords.nl\/es\/privacy-policy\/","og_locale":"es_ES","og_type":"article","og_title":"Privacy policy - A-Cords","og_description":"[vc_row][vc_column][\/vc_column][\/vc_row][vc_row content_placement=\u00bbmiddle\u00bb woodmart_css_id=\u00bb635d22de08804&#8243; responsive_spacing=\u00bbeyJwYXJhbV90eXBlIjoid29vZG1hcnRfcmVzcG9uc2l2ZV9zcGFjaW5nIiwic2VsZWN0b3JfaWQiOiI2MzVkMjJkZTA4ODA0Iiwic2hvcnRjb2RlIjoidmNfcm93IiwiZGF0YSI6eyJ0YWJsZXQiOnt9LCJtb2JpbGUiOnt9fX0=\u00bb mobile_bg_img_hidden=\u00bbno\u00bb tablet_bg_img_hidden=\u00bbno\u00bb woodmart_parallax=\u00bb0&#8243; woodmart_gradient_switch=\u00bbno\u00bb woodmart_box_shadow=\u00bbno\u00bb wd_z_index=\u00bbno\u00bb woodmart_disable_overflow=\u00bb0&#8243; row_reverse_mobile=\u00bb0&#8243; row_reverse_tablet=\u00bb0&#8243;][vc_column][\/vc_column][\/vc_row]","og_url":"https:\/\/a-cords.nl\/es\/privacy-policy\/","og_site_name":"A-Cords","article_modified_time":"2022-11-14T16:38:51+00:00","twitter_card":"summary_large_image","twitter_misc":{"Tiempo de lectura":"3 minutos"},"schema":{"@context":"https:\/\/schema.org","@graph":[{"@type":"WebPage","@id":"https:\/\/a-cords.nl\/es\/privacy-policy\/","url":"https:\/\/a-cords.nl\/es\/privacy-policy\/","name":"Privacy policy - A-Cords","isPartOf":{"@id":"https:\/\/a-cords.nl\/es\/#website"},"datePublished":"2022-10-29T12:11:02+00:00","dateModified":"2022-11-14T16:38:51+00:00","breadcrumb":{"@id":"https:\/\/a-cords.nl\/es\/privacy-policy\/#breadcrumb"},"inLanguage":"es","potentialAction":[{"@type":"ReadAction","target":["https:\/\/a-cords.nl\/es\/privacy-policy\/"]}]},{"@type":"BreadcrumbList","@id":"https:\/\/a-cords.nl\/es\/privacy-policy\/#breadcrumb","itemListElement":[{"@type":"ListItem","position":1,"name":"Home","item":"https:\/\/a-cords.nl\/es\/"},{"@type":"ListItem","position":2,"name":"Privacy policy"}]},{"@type":"WebSite","@id":"https:\/\/a-cords.nl\/es\/#website","url":"https:\/\/a-cords.nl\/es\/","name":"A-Cords","description":"Sunglasses Cords","publisher":{"@id":"https:\/\/a-cords.nl\/es\/#organization"},"potentialAction":[{"@type":"SearchAction","target":{"@type":"EntryPoint","urlTemplate":"https:\/\/a-cords.nl\/es\/?s={search_term_string}"},"query-input":{"@type":"PropertyValueSpecification","valueRequired":true,"valueName":"search_term_string"}}],"inLanguage":"es"},{"@type":"Organization","@id":"https:\/\/a-cords.nl\/es\/#organization","name":"A-Cords","url":"https:\/\/a-cords.nl\/es\/","logo":{"@type":"ImageObject","inLanguage":"es","@id":"https:\/\/a-cords.nl\/es\/#\/schema\/logo\/image\/","url":"https:\/\/a-cords.nl\/wp-content\/uploads\/2022\/11\/Logo-A-Cords-zonder-slogan-met-zwart-e1668434631874.png","contentUrl":"https:\/\/a-cords.nl\/wp-content\/uploads\/2022\/11\/Logo-A-Cords-zonder-slogan-met-zwart-e1668434631874.png","width":363,"height":183,"caption":"A-Cords"},"image":{"@id":"https:\/\/a-cords.nl\/es\/#\/schema\/logo\/image\/"}}]}},"_links":{"self":[{"href":"https:\/\/a-cords.nl\/es\/wp-json\/wp\/v2\/pages\/9610","targetHints":{"allow":["GET"]}}],"collection":[{"href":"https:\/\/a-cords.nl\/es\/wp-json\/wp\/v2\/pages"}],"about":[{"href":"https:\/\/a-cords.nl\/es\/wp-json\/wp\/v2\/types\/page"}],"author":[{"embeddable":true,"href":"https:\/\/a-cords.nl\/es\/wp-json\/wp\/v2\/users\/1"}],"replies":[{"embeddable":true,"href":"https:\/\/a-cords.nl\/es\/wp-json\/wp\/v2\/comments?post=9610"}],"version-history":[{"count":2,"href":"https:\/\/a-cords.nl\/es\/wp-json\/wp\/v2\/pages\/9610\/revisions"}],"predecessor-version":[{"id":9612,"href":"https:\/\/a-cords.nl\/es\/wp-json\/wp\/v2\/pages\/9610\/revisions\/9612"}],"wp:attachment":[{"href":"https:\/\/a-cords.nl\/es\/wp-json\/wp\/v2\/media?parent=9610"}],"curies":[{"name":"wp","href":"https:\/\/api.w.org\/{rel}","templated":true}]}}