{"id":9602,"date":"2022-10-29T11:38:00","date_gmt":"2022-10-29T11:38:00","guid":{"rendered":"http:\/\/a-cords.nl\/?page_id=9602"},"modified":"2024-05-13T14:34:35","modified_gmt":"2024-05-13T14:34:35","slug":"general-terms-conditions","status":"publish","type":"page","link":"https:\/\/a-cords.nl\/es\/general-terms-conditions\/","title":{"rendered":"General Terms &#038; Conditions"},"content":{"rendered":"<section class=\"wpb-content-wrapper\"><p>[vc_row][vc_column]\t\t<div id=\"wd-63726c69b7e41\" class=\"wd-text-block wd-wpb reset-last-child wd-rs-63726c69b7e41 text-center wd-fontsize-custom \">\n\t\t\t<p style=\"text-align: center;\">T\u00e9rminos y condiciones generales<\/p>\n<div id=\"gtx-trans\" style=\"position: absolute; left: -13px; top: -8.8px;\">\n<div class=\"gtx-trans-icon\"><\/div>\n<\/div>\n\t\t<\/div>\n\t\t[\/vc_column][\/vc_row][vc_row content_placement=\u00bbmiddle\u00bb woodmart_css_id=\u00bb635d17717478f\u00bb responsive_spacing=\u00bbeyJwYXJhbV90eXBlIjoid29vZG1hcnRfcmVzcG9uc2l2ZV9zcGFjaW5nIiwic2VsZWN0b3JfaWQiOiI2MzVkMTc3MTc0NzhmIiwic2hvcnRjb2RlIjoidmNfcm93IiwiZGF0YSI6eyJ0YWJsZXQiOnt9LCJtb2JpbGUiOnt9fX0=\u00bb mobile_bg_img_hidden=\u00bbno\u00bb tablet_bg_img_hidden=\u00bbno\u00bb woodmart_parallax=\u00bb0&#8243; woodmart_gradient_switch=\u00bbno\u00bb woodmart_box_shadow=\u00bbno\u00bb wd_z_index=\u00bbno\u00bb woodmart_disable_overflow=\u00bb0&#8243; row_reverse_mobile=\u00bb0&#8243; row_reverse_tablet=\u00bb0&#8243;][vc_column woodmart_text_align=\u00bbcenter\u00bb vertical_alignment=\u00bbeyJkZXZpY2VzIjp7ImRlc2t0b3AiOnsidmFsdWUiOiJjZW50ZXIifSwidGFibGV0Ijp7InZhbHVlIjoiIn0sIm1vYmlsZSI6eyJ2YWx1ZSI6IiJ9fX0=\u00bb horizontal_alignment=\u00bbeyJkZXZpY2VzIjp7ImRlc2t0b3AiOnsidmFsdWUiOiJjZW50ZXIifSwidGFibGV0Ijp7InZhbHVlIjoiIn0sIm1vYmlsZSI6eyJ2YWx1ZSI6IiJ9fX0=\u00bb woodmart_css_id=\u00bb635d179069c28&#8243; parallax_scroll=\u00bbno\u00bb woodmart_sticky_column=\u00bbfalse\u00bb wd_collapsible_content_switcher=\u00bbno\u00bb wd_column_role_offcanvas_desktop=\u00bbno\u00bb wd_column_role_offcanvas_tablet=\u00bbno\u00bb wd_column_role_offcanvas_mobile=\u00bbno\u00bb wd_column_role_content_desktop=\u00bbno\u00bb wd_column_role_content_tablet=\u00bbno\u00bb wd_column_role_content_mobile=\u00bbno\u00bb mobile_bg_img_hidden=\u00bbno\u00bb tablet_bg_img_hidden=\u00bbno\u00bb woodmart_parallax=\u00bb0&#8243; woodmart_box_shadow=\u00bbno\u00bb responsive_spacing=\u00bbeyJwYXJhbV90eXBlIjoid29vZG1hcnRfcmVzcG9uc2l2ZV9zcGFjaW5nIiwic2VsZWN0b3JfaWQiOiI2MzVkMTc5MDY5YzI4Iiwic2hvcnRjb2RlIjoidmNfY29sdW1uIiwiZGF0YSI6eyJ0YWJsZXQiOnt9LCJtb2JpbGUiOnt9fX0=\u00bb mobile_reset_margin=\u00bbno\u00bb tablet_reset_margin=\u00bbno\u00bb wd_z_index=\u00bbno\u00bb]\t\t<div id=\"wd-664224eb64051\" class=\"wd-text-block wd-wpb reset-last-child wd-rs-664224eb64051 text-left \">\n\t\t\t<p><strong>Propietario del sitio web, la oferta y la vinculaci\u00f3n de los T\u00e9rminos<\/strong><\/p>\n<p>Este sitio web es propiedad y est\u00e1 operado por A-Cords. Estos T\u00e9rminos establecen los t\u00e9rminos y condiciones bajo los cuales puede utilizar nuestro sitio web y los servicios que le ofrecemos. Este sitio web ofrece a los visitantes cordones para sus gafas de sol. Al acceder o utilizar el sitio web de nuestro servicio, usted aprueba que ha le\u00eddo, entendido y acepta regirse por estos T\u00e9rminos.<\/p>\n<p><strong>T\u00e9rminos comerciales clave ofrecidos<\/strong><\/p>\n<p>Al comprar un art\u00edculo, usted acepta que: (i) usted es responsable de leer la lista completa del art\u00edculo antes de comprometerse a comprarlo: (ii) entra en un contrato legalmente vinculante para comprar un art\u00edculo cuando se compromete a comprar un art\u00edculo y completa el proceso de pago.<br \/>\nLos precios que cobramos por nuestros productos figuran en el sitio web. Nos reservamos el derecho de cambiar los precios de los productos que se muestran en cualquier momento y de corregir los errores de precios que puedan ocurrir inadvertidamente. Informaci\u00f3n adicional sobre precios e impuestos de ventas est\u00e1 disponible en la p\u00e1gina de pagos.<\/p>\n<p>\u200b<\/p>\n<p><strong>Pol\u00edtica de devoluci\u00f3n y reembolso<\/strong><\/p>\n<p>Lea nuestra p\u00e1gina de Devoluci\u00f3n y Entrega para este asunto espec\u00edfico.<\/p>\n<p><strong>Retenci\u00f3n del derecho a cambiar la oferta<\/strong><\/p>\n<p>Podemos, sin previo aviso, cambiar los productos; dejar de proporcionar los productos o cualquier caracter\u00edstica de los productos que ofrecemos; o crear l\u00edmites para los productos. Podemos rescindir o suspender permanente o temporalmente el acceso a los productos sin previo aviso y responsabilidad por cualquier motivo, o sin motivo.<\/p>\n<p><strong>Garant\u00edas y responsabilidad por servicios y productos<\/strong><br \/>\nCuando recibamos un reclamo de garant\u00eda v\u00e1lido para un producto que nos compr\u00f3, repararemos el defecto relevante o reemplazaremos el producto. Si no podemos reparar o reemplazar el producto dentro de un tiempo razonable, el cliente tendr\u00e1 derecho a un reembolso completo una vez que nos devuelva el producto. Pagaremos el env\u00edo de productos reparados o reemplazados al cliente y el cliente ser\u00e1 responsable de devolvernos el producto.<\/p>\n<p><strong>Propiedad de propiedad intelectual, derechos de autor y logotipos<\/strong><br \/>\nEl Servicio y todos los materiales en \u00e9l o transferidos por el mismo, incluidos, entre otros, software, im\u00e1genes, texto, gr\u00e1ficos, logotipos, patentes, marcas comerciales, marcas de servicio, derechos de autor, fotograf\u00edas, audio, videos, m\u00fasica y todos los Derechos de propiedad intelectual relacionados con el mismo, son propiedad exclusiva de A-Cords. Salvo lo dispuesto expl\u00edcitamente en este documento, nada en estos T\u00e9rminos se considerar\u00e1 que crea una licencia en virtud de dichos Derechos de propiedad intelectual, y usted acepta no vender, licenciar, alquilar, modificar, distribuir, copiar, reproducir, transmitir, mostrar p\u00fablicamente, realizar p\u00fablicamente, publicar, adaptar, editar o crear trabajos derivados de los mismos.<\/p>\n<p><strong>Indemnizaci\u00f3n<\/strong><br \/>\nUsted acepta indemnizar y eximir de responsabilidad a A-Cords de cualquier demanda, p\u00e9rdida, responsabilidad, reclamos o gastos (incluidos los honorarios de abogados), realizados en su contra por un tercero debido a, o que surjan de, o en relaci\u00f3n con su uso de el sitio web o cualquiera de los servicios ofrecidos en el sitio web.<\/p>\n<p><strong>Limitaci\u00f3n de responsabilidad<\/strong><br \/>\nEn la m\u00e1xima medida permitida por la ley aplicable, en ning\u00fan caso A-Cords ser\u00e1 responsable de da\u00f1os indirectos, punitivos, incidentales, especiales, consecuentes o ejemplares, incluidos, entre otros, da\u00f1os por p\u00e9rdida de ganancias, buena voluntad, uso, datos o otras p\u00e9rdidas intangibles, que surjan o est\u00e9n relacionadas con el uso o la imposibilidad de usar el producto.<\/p>\n<p>En la medida m\u00e1xima permitida por la ley aplicable, A-Cords no asume responsabilidad alguna por (i) errores, errores o inexactitudes de contenido; (ii) lesiones personales o da\u00f1os a la propiedad, de cualquier naturaleza, como resultado de su acceso o uso de nuestro producto; y (iii) cualquier acceso no autorizado o uso de nuestros servidores seguros y \/ o cualquier informaci\u00f3n personal almacenada en ellos.<\/p>\n<p><strong>Derecho a cambiar y modificar los T\u00e9rminos<\/strong><br \/>\nNos reservamos el derecho de modificar estos t\u00e9rminos de vez en cuando a nuestro exclusivo criterio. Por lo tanto, debe revisar estas p\u00e1ginas peri\u00f3dicamente. Cuando cambiemos los T\u00e9rminos de manera material, le notificaremos que se han realizado cambios materiales en los T\u00e9rminos. Su uso continuado del sitio web o nuestro producto despu\u00e9s de cualquier cambio constituye su aceptaci\u00f3n de los nuevos T\u00e9rminos. Si no est\u00e1 de acuerdo con alguno de estos t\u00e9rminos o con cualquier versi\u00f3n futura de los T\u00e9rminos, no use ni acceda (o contin\u00fae accediendo) al sitio web o al producto.<\/p>\n<p><strong>Preferencia de ley y resoluci\u00f3n de disputas<\/strong><br \/>\nEstos T\u00e9rminos, los derechos y recursos proporcionados a continuaci\u00f3n, y todos y cada uno de los reclamos y disputas relacionados con el presente y \/ o los servicios, se regir\u00e1n, interpretar\u00e1n y ejecutar\u00e1n en todos los aspectos \u00fanica y exclusivamente de acuerdo con las leyes sustantivas internas de los Pa\u00edses Bajos, sin respetar sus principios de conflicto de leyes. Todos y cada uno de dichos reclamos y disputas se presentar\u00e1n, y usted acepta que sean decididos exclusivamente por un tribunal de jurisdicci\u00f3n competente ubicado en Amsterdam. Se excluye expresamente la aplicaci\u00f3n de la Convenci\u00f3n de las Naciones Unidas sobre los Contratos de Compraventa Internacional de Mercader\u00edas.<\/p>\n<p>\u200b<\/p>\n<p><strong>Detalles de atenci\u00f3n al cliente e informaci\u00f3n de contacto<\/strong><\/p>\n<p>Puede contactar a A-Cords por correo electr\u00f3nico en angela@acords.nl<\/p>\n<p>A-Cords<br \/>\nKVK nummer: 77369793<\/p>\n<p>BTW nummer: NL003186343B66<\/p>\n<p>Vestigingsadres: Jupiter 505, 1115 TR Duivendrecht<\/p>\n<p>Telefoonnummer: +34626668808<\/p>\n<p>Email: angela@acords.nl<\/p>\n\t\t<\/div>\n\t\t[\/vc_column][\/vc_row]<\/p>\n<\/section>","protected":false},"excerpt":{"rendered":"<p>[vc_row][vc_column][\/vc_column][\/vc_row][vc_row content_placement=\u00bbmiddle\u00bb woodmart_css_id=\u00bb635d17717478f\u00bb responsive_spacing=\u00bbeyJwYXJhbV90eXBlIjoid29vZG1hcnRfcmVzcG9uc2l2ZV9zcGFjaW5nIiwic2VsZWN0b3JfaWQiOiI2MzVkMTc3MTc0NzhmIiwic2hvcnRjb2RlIjoidmNfcm93IiwiZGF0YSI6eyJ0YWJsZXQiOnt9LCJtb2JpbGUiOnt9fX0=\u00bb mobile_bg_img_hidden=\u00bbno\u00bb tablet_bg_img_hidden=\u00bbno\u00bb woodmart_parallax=\u00bb0&#8243; woodmart_gradient_switch=\u00bbno\u00bb woodmart_box_shadow=\u00bbno\u00bb wd_z_index=\u00bbno\u00bb woodmart_disable_overflow=\u00bb0&#8243; row_reverse_mobile=\u00bb0&#8243; row_reverse_tablet=\u00bb0&#8243;][vc_column woodmart_text_align=\u00bbcenter\u00bb vertical_alignment=\u00bbeyJkZXZpY2VzIjp7ImRlc2t0b3AiOnsidmFsdWUiOiJjZW50ZXIifSwidGFibGV0Ijp7InZhbHVlIjoiIn0sIm1vYmlsZSI6eyJ2YWx1ZSI6IiJ9fX0=\u00bb horizontal_alignment=\u00bbeyJkZXZpY2VzIjp7ImRlc2t0b3AiOnsidmFsdWUiOiJjZW50ZXIifSwidGFibGV0Ijp7InZhbHVlIjoiIn0sIm1vYmlsZSI6eyJ2YWx1ZSI6IiJ9fX0=\u00bb woodmart_css_id=\u00bb635d179069c28&#8243; parallax_scroll=\u00bbno\u00bb woodmart_sticky_column=\u00bbfalse\u00bb wd_collapsible_content_switcher=\u00bbno\u00bb<\/p>\n","protected":false},"author":1,"featured_media":0,"parent":0,"menu_order":0,"comment_status":"closed","ping_status":"closed","template":"","meta":{"footnotes":""},"class_list":["post-9602","page","type-page","status-publish","hentry"],"yoast_head":"<!-- This site is optimized with the Yoast SEO plugin v27.4 - https:\/\/yoast.com\/product\/yoast-seo-wordpress\/ -->\n<title>General Terms &amp; Conditions - A-Cords<\/title>\n<meta name=\"robots\" content=\"index, follow, max-snippet:-1, max-image-preview:large, max-video-preview:-1\" \/>\n<link rel=\"canonical\" href=\"https:\/\/a-cords.nl\/es\/general-terms-conditions\/\" \/>\n<meta property=\"og:locale\" content=\"es_ES\" \/>\n<meta property=\"og:type\" content=\"article\" \/>\n<meta property=\"og:title\" content=\"General Terms &amp; Conditions - A-Cords\" \/>\n<meta property=\"og:description\" content=\"[vc_row][vc_column][\/vc_column][\/vc_row][vc_row content_placement=\u00bbmiddle\u00bb woodmart_css_id=\u00bb635d17717478f\u00bb responsive_spacing=\u00bbeyJwYXJhbV90eXBlIjoid29vZG1hcnRfcmVzcG9uc2l2ZV9zcGFjaW5nIiwic2VsZWN0b3JfaWQiOiI2MzVkMTc3MTc0NzhmIiwic2hvcnRjb2RlIjoidmNfcm93IiwiZGF0YSI6eyJ0YWJsZXQiOnt9LCJtb2JpbGUiOnt9fX0=\u00bb mobile_bg_img_hidden=\u00bbno\u00bb tablet_bg_img_hidden=\u00bbno\u00bb woodmart_parallax=\u00bb0&#8243; woodmart_gradient_switch=\u00bbno\u00bb woodmart_box_shadow=\u00bbno\u00bb wd_z_index=\u00bbno\u00bb woodmart_disable_overflow=\u00bb0&#8243; row_reverse_mobile=\u00bb0&#8243; row_reverse_tablet=\u00bb0&#8243;][vc_column woodmart_text_align=\u00bbcenter\u00bb vertical_alignment=\u00bbeyJkZXZpY2VzIjp7ImRlc2t0b3AiOnsidmFsdWUiOiJjZW50ZXIifSwidGFibGV0Ijp7InZhbHVlIjoiIn0sIm1vYmlsZSI6eyJ2YWx1ZSI6IiJ9fX0=\u00bb horizontal_alignment=\u00bbeyJkZXZpY2VzIjp7ImRlc2t0b3AiOnsidmFsdWUiOiJjZW50ZXIifSwidGFibGV0Ijp7InZhbHVlIjoiIn0sIm1vYmlsZSI6eyJ2YWx1ZSI6IiJ9fX0=\u00bb woodmart_css_id=\u00bb635d179069c28&#8243; parallax_scroll=\u00bbno\u00bb woodmart_sticky_column=\u00bbfalse\u00bb wd_collapsible_content_switcher=\u00bbno\u00bb\" \/>\n<meta property=\"og:url\" content=\"https:\/\/a-cords.nl\/es\/general-terms-conditions\/\" \/>\n<meta property=\"og:site_name\" content=\"A-Cords\" \/>\n<meta property=\"article:modified_time\" content=\"2024-05-13T14:34:35+00:00\" \/>\n<meta name=\"twitter:card\" content=\"summary_large_image\" \/>\n<meta name=\"twitter:label1\" content=\"Tiempo de lectura\" \/>\n\t<meta name=\"twitter:data1\" content=\"5 minutos\" \/>\n<script type=\"application\/ld+json\" class=\"yoast-schema-graph\">{\"@context\":\"https:\\\/\\\/schema.org\",\"@graph\":[{\"@type\":\"WebPage\",\"@id\":\"https:\\\/\\\/a-cords.nl\\\/es\\\/general-terms-conditions\\\/\",\"url\":\"https:\\\/\\\/a-cords.nl\\\/es\\\/general-terms-conditions\\\/\",\"name\":\"General Terms & Conditions - A-Cords\",\"isPartOf\":{\"@id\":\"https:\\\/\\\/a-cords.nl\\\/es\\\/#website\"},\"datePublished\":\"2022-10-29T11:38:00+00:00\",\"dateModified\":\"2024-05-13T14:34:35+00:00\",\"breadcrumb\":{\"@id\":\"https:\\\/\\\/a-cords.nl\\\/es\\\/general-terms-conditions\\\/#breadcrumb\"},\"inLanguage\":\"es\",\"potentialAction\":[{\"@type\":\"ReadAction\",\"target\":[\"https:\\\/\\\/a-cords.nl\\\/es\\\/general-terms-conditions\\\/\"]}]},{\"@type\":\"BreadcrumbList\",\"@id\":\"https:\\\/\\\/a-cords.nl\\\/es\\\/general-terms-conditions\\\/#breadcrumb\",\"itemListElement\":[{\"@type\":\"ListItem\",\"position\":1,\"name\":\"Home\",\"item\":\"https:\\\/\\\/a-cords.nl\\\/es\\\/\"},{\"@type\":\"ListItem\",\"position\":2,\"name\":\"General Terms &#038; Conditions\"}]},{\"@type\":\"WebSite\",\"@id\":\"https:\\\/\\\/a-cords.nl\\\/es\\\/#website\",\"url\":\"https:\\\/\\\/a-cords.nl\\\/es\\\/\",\"name\":\"A-Cords\",\"description\":\"Sunglasses Cords\",\"publisher\":{\"@id\":\"https:\\\/\\\/a-cords.nl\\\/es\\\/#organization\"},\"potentialAction\":[{\"@type\":\"SearchAction\",\"target\":{\"@type\":\"EntryPoint\",\"urlTemplate\":\"https:\\\/\\\/a-cords.nl\\\/es\\\/?s={search_term_string}\"},\"query-input\":{\"@type\":\"PropertyValueSpecification\",\"valueRequired\":true,\"valueName\":\"search_term_string\"}}],\"inLanguage\":\"es\"},{\"@type\":\"Organization\",\"@id\":\"https:\\\/\\\/a-cords.nl\\\/es\\\/#organization\",\"name\":\"A-Cords\",\"url\":\"https:\\\/\\\/a-cords.nl\\\/es\\\/\",\"logo\":{\"@type\":\"ImageObject\",\"inLanguage\":\"es\",\"@id\":\"https:\\\/\\\/a-cords.nl\\\/es\\\/#\\\/schema\\\/logo\\\/image\\\/\",\"url\":\"https:\\\/\\\/a-cords.nl\\\/wp-content\\\/uploads\\\/2022\\\/11\\\/Logo-A-Cords-zonder-slogan-met-zwart-e1668434631874.png\",\"contentUrl\":\"https:\\\/\\\/a-cords.nl\\\/wp-content\\\/uploads\\\/2022\\\/11\\\/Logo-A-Cords-zonder-slogan-met-zwart-e1668434631874.png\",\"width\":363,\"height\":183,\"caption\":\"A-Cords\"},\"image\":{\"@id\":\"https:\\\/\\\/a-cords.nl\\\/es\\\/#\\\/schema\\\/logo\\\/image\\\/\"}}]}<\/script>\n<!-- \/ Yoast SEO plugin. -->","yoast_head_json":{"title":"General Terms & Conditions - A-Cords","robots":{"index":"index","follow":"follow","max-snippet":"max-snippet:-1","max-image-preview":"max-image-preview:large","max-video-preview":"max-video-preview:-1"},"canonical":"https:\/\/a-cords.nl\/es\/general-terms-conditions\/","og_locale":"es_ES","og_type":"article","og_title":"General Terms & Conditions - A-Cords","og_description":"[vc_row][vc_column][\/vc_column][\/vc_row][vc_row content_placement=\u00bbmiddle\u00bb woodmart_css_id=\u00bb635d17717478f\u00bb responsive_spacing=\u00bbeyJwYXJhbV90eXBlIjoid29vZG1hcnRfcmVzcG9uc2l2ZV9zcGFjaW5nIiwic2VsZWN0b3JfaWQiOiI2MzVkMTc3MTc0NzhmIiwic2hvcnRjb2RlIjoidmNfcm93IiwiZGF0YSI6eyJ0YWJsZXQiOnt9LCJtb2JpbGUiOnt9fX0=\u00bb mobile_bg_img_hidden=\u00bbno\u00bb tablet_bg_img_hidden=\u00bbno\u00bb woodmart_parallax=\u00bb0&#8243; woodmart_gradient_switch=\u00bbno\u00bb woodmart_box_shadow=\u00bbno\u00bb wd_z_index=\u00bbno\u00bb woodmart_disable_overflow=\u00bb0&#8243; row_reverse_mobile=\u00bb0&#8243; row_reverse_tablet=\u00bb0&#8243;][vc_column woodmart_text_align=\u00bbcenter\u00bb vertical_alignment=\u00bbeyJkZXZpY2VzIjp7ImRlc2t0b3AiOnsidmFsdWUiOiJjZW50ZXIifSwidGFibGV0Ijp7InZhbHVlIjoiIn0sIm1vYmlsZSI6eyJ2YWx1ZSI6IiJ9fX0=\u00bb horizontal_alignment=\u00bbeyJkZXZpY2VzIjp7ImRlc2t0b3AiOnsidmFsdWUiOiJjZW50ZXIifSwidGFibGV0Ijp7InZhbHVlIjoiIn0sIm1vYmlsZSI6eyJ2YWx1ZSI6IiJ9fX0=\u00bb woodmart_css_id=\u00bb635d179069c28&#8243; parallax_scroll=\u00bbno\u00bb woodmart_sticky_column=\u00bbfalse\u00bb wd_collapsible_content_switcher=\u00bbno\u00bb","og_url":"https:\/\/a-cords.nl\/es\/general-terms-conditions\/","og_site_name":"A-Cords","article_modified_time":"2024-05-13T14:34:35+00:00","twitter_card":"summary_large_image","twitter_misc":{"Tiempo de lectura":"5 minutos"},"schema":{"@context":"https:\/\/schema.org","@graph":[{"@type":"WebPage","@id":"https:\/\/a-cords.nl\/es\/general-terms-conditions\/","url":"https:\/\/a-cords.nl\/es\/general-terms-conditions\/","name":"General Terms & Conditions - A-Cords","isPartOf":{"@id":"https:\/\/a-cords.nl\/es\/#website"},"datePublished":"2022-10-29T11:38:00+00:00","dateModified":"2024-05-13T14:34:35+00:00","breadcrumb":{"@id":"https:\/\/a-cords.nl\/es\/general-terms-conditions\/#breadcrumb"},"inLanguage":"es","potentialAction":[{"@type":"ReadAction","target":["https:\/\/a-cords.nl\/es\/general-terms-conditions\/"]}]},{"@type":"BreadcrumbList","@id":"https:\/\/a-cords.nl\/es\/general-terms-conditions\/#breadcrumb","itemListElement":[{"@type":"ListItem","position":1,"name":"Home","item":"https:\/\/a-cords.nl\/es\/"},{"@type":"ListItem","position":2,"name":"General Terms &#038; Conditions"}]},{"@type":"WebSite","@id":"https:\/\/a-cords.nl\/es\/#website","url":"https:\/\/a-cords.nl\/es\/","name":"A-Cords","description":"Sunglasses Cords","publisher":{"@id":"https:\/\/a-cords.nl\/es\/#organization"},"potentialAction":[{"@type":"SearchAction","target":{"@type":"EntryPoint","urlTemplate":"https:\/\/a-cords.nl\/es\/?s={search_term_string}"},"query-input":{"@type":"PropertyValueSpecification","valueRequired":true,"valueName":"search_term_string"}}],"inLanguage":"es"},{"@type":"Organization","@id":"https:\/\/a-cords.nl\/es\/#organization","name":"A-Cords","url":"https:\/\/a-cords.nl\/es\/","logo":{"@type":"ImageObject","inLanguage":"es","@id":"https:\/\/a-cords.nl\/es\/#\/schema\/logo\/image\/","url":"https:\/\/a-cords.nl\/wp-content\/uploads\/2022\/11\/Logo-A-Cords-zonder-slogan-met-zwart-e1668434631874.png","contentUrl":"https:\/\/a-cords.nl\/wp-content\/uploads\/2022\/11\/Logo-A-Cords-zonder-slogan-met-zwart-e1668434631874.png","width":363,"height":183,"caption":"A-Cords"},"image":{"@id":"https:\/\/a-cords.nl\/es\/#\/schema\/logo\/image\/"}}]}},"_links":{"self":[{"href":"https:\/\/a-cords.nl\/es\/wp-json\/wp\/v2\/pages\/9602","targetHints":{"allow":["GET"]}}],"collection":[{"href":"https:\/\/a-cords.nl\/es\/wp-json\/wp\/v2\/pages"}],"about":[{"href":"https:\/\/a-cords.nl\/es\/wp-json\/wp\/v2\/types\/page"}],"author":[{"embeddable":true,"href":"https:\/\/a-cords.nl\/es\/wp-json\/wp\/v2\/users\/1"}],"replies":[{"embeddable":true,"href":"https:\/\/a-cords.nl\/es\/wp-json\/wp\/v2\/comments?post=9602"}],"version-history":[{"count":4,"href":"https:\/\/a-cords.nl\/es\/wp-json\/wp\/v2\/pages\/9602\/revisions"}],"predecessor-version":[{"id":11208,"href":"https:\/\/a-cords.nl\/es\/wp-json\/wp\/v2\/pages\/9602\/revisions\/11208"}],"wp:attachment":[{"href":"https:\/\/a-cords.nl\/es\/wp-json\/wp\/v2\/media?parent=9602"}],"curies":[{"name":"wp","href":"https:\/\/api.w.org\/{rel}","templated":true}]}}